{"id":18,"date":"2021-07-08T14:09:47","date_gmt":"2021-07-08T11:09:47","guid":{"rendered":"https:\/\/aydinip.com\/?page_id=18"},"modified":"2023-09-26T10:23:40","modified_gmt":"2023-09-26T07:23:40","slug":"faaliyet-alanlarimiz","status":"publish","type":"page","link":"https:\/\/aydinip.com\/ru\/faaliyet-alanlarimiz\/","title":{"rendered":"\u041d\u0430\u0448\u0438 \u0431\u0440\u0435\u043d\u0434\u044b"},"content":{"rendered":"<div id='av_section_1'  class='avia-section main_color avia-section-default avia-no-border-styling  avia-bg-style-scroll  avia-builder-el-0  el_before_av_section  avia-builder-el-first   container_wrap sidebar_right' style=' '  ><div class='container' ><main  role=\"main\" itemprop=\"mainContentOfPage\"  class='template-page content  av-content-small alpha units'><div class='post-entry post-entry-type-page post-entry-18'><div class='entry-content-wrapper clearfix'>\n<div class=\"flex_column av_one_half  flex_column_div av-zero-column-padding first  avia-builder-el-1  el_before_av_one_half  avia-builder-el-first\" style='border-radius:0px; '><p><div  style='padding-bottom:10px; ' class='av-special-heading av-special-heading-h2    avia-builder-el-2  el_before_av_textblock  avia-builder-el-first'><h2 class='av-special-heading-tag'  itemprop=\"headline\"  >Ayd\u0131nip<\/h2><div class='special-heading-border'><div class='special-heading-inner-border' ><\/div><\/div><\/div><br \/>\n<section class=\"av_textblock_section\"  itemscope=\"itemscope\" itemtype=\"https:\/\/schema.org\/CreativeWork\" ><div class='avia_textblock  av_inherit_color'  style='font-size:16px; color:#000000; '  itemprop=\"text\" ><p>\u0410\u0439\u0434\u044b\u043d \u0418\u043f\u043b\u0438\u043a \u043f\u0440\u0435\u0434\u043e\u0441\u0442\u0430\u0432\u043b\u044f\u0435\u0442 \u0432\u0441\u044e \u043f\u0440\u044f\u0436\u0443 \u0438 \u0442\u0435\u043a\u0441\u0442\u0438\u043b\u044c\u043d\u044b\u0435 \u043c\u0430\u0442\u0435\u0440\u0438\u0430\u043b\u044b, \u043d\u0435\u043e\u0431\u0445\u043e\u0434\u0438\u043c\u044b\u0435 \u043f\u0440\u0435\u0434\u043f\u0440\u0438\u044f\u0442\u0438\u044f\u043c, \u043d\u0430 \u0441\u0430\u043c\u044b\u0445 \u0432\u044b\u0433\u043e\u0434\u043d\u044b\u0445 \u0443\u0441\u043b\u043e\u0432\u0438\u044f\u0445. \u0412 \u043a\u043e\u043c\u043f\u0430\u043d\u0438\u0438 \u0410\u0439\u0434\u044b\u043d \u0418\u043f \u043c\u044b \u0438\u043c\u043f\u043e\u0440\u0442\u0438\u0440\u0443\u0435\u043c \u043f\u0440\u044f\u0436\u0443 \u0438\u0437 \u0441\u043f\u0430\u043d\u0434\u0435\u043a\u0441\u0430, \u043d\u0435\u0439\u043b\u043e\u043d\u0430, \u043f\u043e\u043b\u0438\u044d\u0441\u0442\u0435\u0440\u0430, \u0432\u0438\u0441\u043a\u043e\u0437\u044b \u0438 \u0431\u0430\u043c\u0431\u0443\u043a\u0430, \u0430 \u0442\u0430\u043a\u0436\u0435 \u043a\u0440\u0443\u0436\u0435\u0432\u0430 \u0438 \u044d\u043a\u0441\u043f\u043e\u0440\u0442\u0438\u0440\u0443\u0435\u043c \u0438\u0445 \u043d\u0430 \u0442\u0443\u0440\u0435\u0446\u043a\u0438\u0439 \u0440\u044b\u043d\u043e\u043a. \u041d\u0430\u0448\u0430 \u043a\u043e\u043c\u043f\u0430\u043d\u0438\u044f \u0440\u0430\u0431\u043e\u0442\u0430\u0435\u0442 \u0432 \u0441\u0435\u043a\u0442\u043e\u0440\u0430\u0445 \u043f\u0440\u044f\u0436\u0438, \u0441\u043f\u0430\u043d\u0434\u0435\u043a\u0441\u0430, \u043a\u0440\u0443\u0436\u0435\u0432\u0430 \u0438 \u043d\u0438\u0436\u043d\u0435\u0433\u043e \u0431\u0435\u043b\u044c\u044f \u043f\u043e\u0434 \u0431\u0440\u0435\u043d\u0434\u0430\u043c\u0438 \u0430\u0439\u0434\u044b\u043d\u0438\u043f, \u043e\u0440\u043e\u0432\u0438\u0442\u0430, \u0430\u0439\u0444\u0438\u043b \u0438 \u043e\u0440\u043e\u0444\u0438\u043b.<\/p>\n<\/div><\/section><\/p><\/div><div class=\"flex_column av_one_half  flex_column_div av-zero-column-padding   avia-builder-el-4  el_after_av_one_half  avia-builder-el-last\" style='border-radius:0px; '><div  class='avia-image-container  av-styling-    avia-builder-el-5  avia-builder-el-no-sibling  avia-align-center'  itemprop=\"image\" itemscope=\"itemscope\" itemtype=\"https:\/\/schema.org\/ImageObject\"  ><div class='avia-image-container-inner'><div class='avia-image-overlay-wrap'><img decoding=\"async\" class='wp-image-215 avia-img-lazy-loading-not-215 avia_image' src=\"https:\/\/aydinip.com\/wp-content\/uploads\/2021\/08\/Adsiz-tasarim-41-1-300x300.png\" alt='' title='Ads\u0131z tasar\u0131m (41)' height=\"300\" width=\"300\"  itemprop=\"thumbnailUrl\" srcset=\"https:\/\/aydinip.com\/wp-content\/uploads\/2021\/08\/Adsiz-tasarim-41-1-300x300.png 300w, https:\/\/aydinip.com\/wp-content\/uploads\/2021\/08\/Adsiz-tasarim-41-1-80x80.png 80w, https:\/\/aydinip.com\/wp-content\/uploads\/2021\/08\/Adsiz-tasarim-41-1-36x36.png 36w, https:\/\/aydinip.com\/wp-content\/uploads\/2021\/08\/Adsiz-tasarim-41-1-180x180.png 180w, https:\/\/aydinip.com\/wp-content\/uploads\/2021\/08\/Adsiz-tasarim-41-1.png 500w\" sizes=\"(max-width: 300px) 100vw, 300px\" \/><\/div><\/div><\/div><\/div>\n\n<\/div><\/div><\/main><!-- close content main element --><\/div><\/div><div id='av_section_2'  class='avia-section main_color avia-section-default avia-no-border-styling  avia-bg-style-scroll  avia-builder-el-6  el_after_av_section  el_before_av_section   container_wrap sidebar_right' style='background-color: #11abd6;  '  ><div class='container' ><div class='template-page content  av-content-small alpha units'><div class='post-entry post-entry-type-page post-entry-18'><div class='entry-content-wrapper clearfix'>\n<div class=\"flex_column av_one_half  flex_column_div av-zero-column-padding first  avia-builder-el-7  el_before_av_one_half  avia-builder-el-first\" style='border-radius:0px; '><div  class='avia-image-container  av-styling-    avia-builder-el-8  avia-builder-el-no-sibling  avia-align-center'  itemprop=\"image\" itemscope=\"itemscope\" itemtype=\"https:\/\/schema.org\/ImageObject\"  ><div class='avia-image-container-inner'><div class='avia-image-overlay-wrap'><img decoding=\"async\" class='wp-image-217 avia-img-lazy-loading-not-217 avia_image' src=\"https:\/\/aydinip.com\/wp-content\/uploads\/2021\/08\/orovita_logo-01-removebg-300x280.png\" alt='' title='orovita_logo-01-removebg' height=\"280\" width=\"300\"  itemprop=\"thumbnailUrl\" srcset=\"https:\/\/aydinip.com\/wp-content\/uploads\/2021\/08\/orovita_logo-01-removebg-300x280.png 300w, https:\/\/aydinip.com\/wp-content\/uploads\/2021\/08\/orovita_logo-01-removebg-1030x963.png 1030w, https:\/\/aydinip.com\/wp-content\/uploads\/2021\/08\/orovita_logo-01-removebg-768x718.png 768w, https:\/\/aydinip.com\/wp-content\/uploads\/2021\/08\/orovita_logo-01-removebg-705x659.png 705w, https:\/\/aydinip.com\/wp-content\/uploads\/2021\/08\/orovita_logo-01-removebg.png 1183w\" sizes=\"(max-width: 300px) 100vw, 300px\" \/><\/div><\/div><\/div><\/div><div class=\"flex_column av_one_half  flex_column_div av-zero-column-padding   avia-builder-el-9  el_after_av_one_half  avia-builder-el-last\" style='border-radius:0px; '><p><div  style='padding-bottom:10px; color:#ffffff;' class='av-special-heading av-special-heading-h2 custom-color-heading   avia-builder-el-10  el_before_av_textblock  avia-builder-el-first'><h2 class='av-special-heading-tag'  itemprop=\"headline\"  >Orovita<\/h2><div class='special-heading-border'><div class='special-heading-inner-border' style='border-color:#ffffff'><\/div><\/div><\/div><br \/>\n<section class=\"av_textblock_section\"  itemscope=\"itemscope\" itemtype=\"https:\/\/schema.org\/CreativeWork\" ><div class='avia_textblock  av_inherit_color'  style='font-size:16px; color:#ffffff; '  itemprop=\"text\" ><p>\u041d\u0430\u0448\u0430 \u043a\u043e\u043c\u043f\u0430\u043d\u0438\u044f \u041e\u0440\u043e\u0432\u0438\u0442\u0430 \u043d\u0430\u0447\u0430\u043b\u0430 \u0441\u0432\u043e\u044e \u0434\u0435\u044f\u0442\u0435\u043b\u044c\u043d\u043e\u0441\u0442\u044c \u0432 2016 \u0433\u043e\u0434\u0443. Orovita \u2013 \u044d\u0442\u043e \u043a\u043e\u043c\u043f\u0430\u043d\u0438\u044f, \u043a\u043e\u0442\u043e\u0440\u0430\u044f \u0441\u043e \u0441\u0432\u043e\u0438\u043c \u043e\u043f\u044b\u0442\u043d\u044b\u043c \u043f\u0435\u0440\u0441\u043e\u043d\u0430\u043b\u043e\u043c \u043f\u0440\u043e\u0444\u0435\u0441\u0441\u0438\u043e\u043d\u0430\u043b\u044c\u043d\u043e \u0437\u0430\u043d\u0438\u043c\u0430\u0435\u0442\u0441\u044f \u0442\u0435\u043a\u0441\u0442\u0438\u043b\u044c\u043d\u044b\u043c\u0438 \u0430\u043a\u0441\u0435\u0441\u0441\u0443\u0430\u0440\u0430\u043c\u0438 \u0438 \u0441\u044b\u0440\u044c\u0435\u043c, \u0430 \u0442\u0430\u043a\u0436\u0435 \u043f\u0440\u043e\u0438\u0437\u0432\u043e\u0434\u0438\u0442 \u043d\u0438\u0436\u043d\u0435\u0435 \u0431\u0435\u043b\u044c\u0435. \u041e\u0441\u0443\u0449\u0435\u0441\u0442\u0432\u043b\u044f\u0435\u0442 \u0438\u043c\u043f\u043e\u0440\u0442, \u044d\u043a\u0441\u043f\u043e\u0440\u0442 \u0438 \u043f\u0440\u043e\u0438\u0437\u0432\u043e\u0434\u0438\u0442 \u0441\u0432\u043e\u044e \u043f\u0440\u043e\u0434\u0443\u043a\u0446\u0438\u044e.<\/p>\n<\/div><\/section><\/p><\/div>\n\n<\/div><\/div><\/div><!-- close content main div --><\/div><\/div><div id='av_section_3'  class='avia-section main_color avia-section-default avia-no-border-styling  avia-bg-style-scroll  avia-builder-el-12  el_after_av_section  el_before_av_section   container_wrap sidebar_right' style='background-color: #ffffff;  '  ><div class='container' ><div class='template-page content  av-content-small alpha units'><div class='post-entry post-entry-type-page post-entry-18'><div class='entry-content-wrapper clearfix'>\n<div class=\"flex_column av_one_half  flex_column_div av-zero-column-padding first  avia-builder-el-13  el_before_av_one_half  avia-builder-el-first\" style='border-radius:0px; '><p><div  style='padding-bottom:10px; color:#0a0a0a;' class='av-special-heading av-special-heading-h2 custom-color-heading   avia-builder-el-14  el_before_av_textblock  avia-builder-el-first'><h2 class='av-special-heading-tag'  itemprop=\"headline\"  >Ayfil<\/h2><div class='special-heading-border'><div class='special-heading-inner-border' style='border-color:#0a0a0a'><\/div><\/div><\/div><br \/>\n<section class=\"av_textblock_section\"  itemscope=\"itemscope\" itemtype=\"https:\/\/schema.org\/CreativeWork\" ><div class='avia_textblock  av_inherit_color'  style='font-size:16px; color:#0a0a0a; '  itemprop=\"text\" ><p>\u0410\u0439\u0444\u0438\u043b \u043d\u0430\u0447\u0430\u043b\u0430 \u0441\u0432\u043e\u044e \u0434\u0435\u044f\u0442\u0435\u043b\u044c\u043d\u043e\u0441\u0442\u044c \u0432 2009 \u0433\u043e\u0434\u0443. \u0410\u0439\u0444\u0438\u043b \u2014 \u044d\u0442\u043e \u0434\u043e\u0447\u0435\u0440\u043d\u0438\u0439 \u0431\u0440\u0435\u043d\u0434 \u043a\u043e\u043c\u043f\u0430\u043d\u0438\u0438 \u0410\u0439\u0434\u044b\u043d\u0438\u043f. \u0421\u0444\u0435\u0440\u043e\u0439 \u0435\u0435 \u0434\u0435\u044f\u0442\u0435\u043b\u044c\u043d\u043e\u0441\u0442\u0438 \u044f\u0432\u043b\u044f\u0435\u0442\u0441\u044f \u043f\u0440\u043e\u0438\u0437\u0432\u043e\u0434\u0441\u0442\u0432\u043e \u043c\u0443\u0436\u0441\u043a\u0438\u0445 \u0431\u043e\u043a\u0441\u0435\u0440\u043e\u0432 \u0438 \u043d\u0438\u0436\u043d\u0435\u0433\u043e \u0431\u0435\u043b\u044c\u044f, \u0438\u0445 \u043f\u0440\u043e\u0434\u0430\u0436\u0430 \u043d\u0430 \u0442\u0443\u0440\u0435\u0446\u043a\u043e\u043c \u0440\u044b\u043d\u043a\u0435 \u0438 \u044d\u043a\u0441\u043f\u043e\u0440\u0442 \u0432 \u0434\u0440\u0443\u0433\u0438\u0435 \u0441\u0442\u0440\u0430\u043d\u044b.<\/p>\n<\/div><\/section><\/p><\/div><div class=\"flex_column av_one_half  flex_column_div av-zero-column-padding   avia-builder-el-16  el_after_av_one_half  avia-builder-el-last\" style='border-radius:0px; '><div  class='avia-image-container  av-styling-    avia-builder-el-17  avia-builder-el-no-sibling  avia-align-center'  itemprop=\"image\" itemscope=\"itemscope\" itemtype=\"https:\/\/schema.org\/ImageObject\"  ><div class='avia-image-container-inner'><div class='avia-image-overlay-wrap'><img decoding=\"async\" class='wp-image-351 avia-img-lazy-loading-not-351 avia_image' src=\"https:\/\/aydinip.com\/wp-content\/uploads\/2023\/09\/AYFIL-LOO.pdf-142.5-x-24.9-mm-depositphotos-bgremover.png\" alt='' title='AYF\u0130L LOO.pdf (142.5 x 24.9 mm)-depositphotos-bgremover' height=\"294\" width=\"1683\"  itemprop=\"thumbnailUrl\" srcset=\"https:\/\/aydinip.com\/wp-content\/uploads\/2023\/09\/AYFIL-LOO.pdf-142.5-x-24.9-mm-depositphotos-bgremover.png 1683w, https:\/\/aydinip.com\/wp-content\/uploads\/2023\/09\/AYFIL-LOO.pdf-142.5-x-24.9-mm-depositphotos-bgremover-300x52.png 300w, https:\/\/aydinip.com\/wp-content\/uploads\/2023\/09\/AYFIL-LOO.pdf-142.5-x-24.9-mm-depositphotos-bgremover-1030x180.png 1030w, https:\/\/aydinip.com\/wp-content\/uploads\/2023\/09\/AYFIL-LOO.pdf-142.5-x-24.9-mm-depositphotos-bgremover-768x134.png 768w, https:\/\/aydinip.com\/wp-content\/uploads\/2023\/09\/AYFIL-LOO.pdf-142.5-x-24.9-mm-depositphotos-bgremover-1536x268.png 1536w, https:\/\/aydinip.com\/wp-content\/uploads\/2023\/09\/AYFIL-LOO.pdf-142.5-x-24.9-mm-depositphotos-bgremover-1500x262.png 1500w, https:\/\/aydinip.com\/wp-content\/uploads\/2023\/09\/AYFIL-LOO.pdf-142.5-x-24.9-mm-depositphotos-bgremover-705x123.png 705w\" sizes=\"(max-width: 1683px) 100vw, 1683px\" \/><\/div><\/div><\/div><\/div><\/div><\/div><\/div><!-- close content main div --><\/div><\/div><div id='av_section_4'  class='avia-section main_color avia-section-default avia-no-border-styling  avia-bg-style-scroll  avia-builder-el-18  el_after_av_section  el_before_av_section   container_wrap sidebar_right' style='background-color: #11abd6;  '  ><div class='container' ><div class='template-page content  av-content-small alpha units'><div class='post-entry post-entry-type-page post-entry-18'><div class='entry-content-wrapper clearfix'>\n<div class=\"flex_column av_one_half  flex_column_div av-zero-column-padding first  avia-builder-el-19  el_before_av_one_half  avia-builder-el-first\" style='border-radius:0px; '><div  class='avia-image-container  av-styling-    avia-builder-el-20  avia-builder-el-no-sibling  avia-align-center'  itemprop=\"image\" itemscope=\"itemscope\" itemtype=\"https:\/\/schema.org\/ImageObject\"  ><div class='avia-image-container-inner'><div class='avia-image-overlay-wrap'><img decoding=\"async\" class='wp-image-0 avia-img-lazy-loading-not-0 avia_image' src=\"https:\/\/aydinip.com\/wp-content\/themes\/enfold\/config-templatebuilder\/avia-template-builder\/images\/placeholder.jpg\" alt='' title=''   itemprop=\"thumbnailUrl\"  \/><\/div><\/div><\/div><\/div><div class=\"flex_column av_one_half  flex_column_div av-zero-column-padding   avia-builder-el-21  el_after_av_one_half  avia-builder-el-last\" style='border-radius:0px; '><p><div  style='padding-bottom:10px; color:#ffffff;' class='av-special-heading av-special-heading-h2 custom-color-heading   avia-builder-el-22  el_before_av_textblock  avia-builder-el-first'><h2 class='av-special-heading-tag'  itemprop=\"headline\"  >Orofil<\/h2><div class='special-heading-border'><div class='special-heading-inner-border' style='border-color:#ffffff'><\/div><\/div><\/div><br \/>\n<section class=\"av_textblock_section\"  itemscope=\"itemscope\" itemtype=\"https:\/\/schema.org\/CreativeWork\" ><div class='avia_textblock'   itemprop=\"text\" ><p>Kendi metninizi eklemek i\u00e7in buraya t\u0131klay\u0131n\u0131z<\/p>\n<\/div><\/section><\/p><\/div>\n<\/p>\n<\/div><\/div><\/div><!-- close content main div --><\/div><\/div><div id='av_section_5'  class='avia-section main_color avia-section-default avia-no-border-styling  avia-bg-style-scroll  avia-builder-el-24  el_after_av_section  avia-builder-el-last   container_wrap sidebar_right' style='background-color: #ffffff;  '  ><div class='container' ><div class='template-page content  av-content-small alpha units'><div class='post-entry post-entry-type-page post-entry-18'><div class='entry-content-wrapper clearfix'>\n<div class=\"flex_column av_one_fourth  flex_column_div av-zero-column-padding first  avia-builder-el-25  el_before_av_one_fourth  avia-builder-el-first\" style='border-radius:0px; '><section class=\"av_textblock_section\"  itemscope=\"itemscope\" itemtype=\"https:\/\/schema.org\/CreativeWork\" ><div class='avia_textblock'   itemprop=\"text\" ><h3><strong>MEN\u00dc<\/strong><\/h3>\n<\/div><\/section><br \/>\n<section class=\"av_textblock_section\"  itemscope=\"itemscope\" itemtype=\"https:\/\/schema.org\/CreativeWork\" ><div class='avia_textblock'   itemprop=\"text\" ><ul>\n<li><a href=\"https:\/\/aydinip.com\/ru\/\">\u0413\u043b\u0430\u0432\u043d\u0430\u044f \u0441\u0442\u0440\u0430\u043d\u0438\u0446\u0430<\/a><\/li>\n<li><a href=\"https:\/\/aydinip.com\/ru\/hakkimizda\/\">\u041e \u043d\u0430\u0441<\/a><\/li>\n<li><a href=\"https:\/\/aydinip.com\/ru\/faaliyet-alanlarimiz\/\">\u041d\u0430\u0448\u0438 \u0431\u0440\u0435\u043d\u0434\u044b<\/a><\/li>\n<li><a href=\"https:\/\/aydinip.com\/ru\/urunler\/\">\u041f\u0440\u043e\u0434\u0443\u043a\u0446\u0438\u044f\u00a0<\/a><\/li>\n<li><a href=\"https:\/\/aydinip.com\/ru\/iletisim\/\">\u041a\u043e\u043d\u0442\u0430\u043a\u0442\u044b<\/a><\/li>\n<\/ul>\n<\/div><\/section><\/p><\/div><div class=\"flex_column av_one_fourth  flex_column_div av-zero-column-padding   avia-builder-el-28  el_after_av_one_fourth  el_before_av_one_fourth\" style='border-radius:0px; '><section class=\"av_textblock_section\"  itemscope=\"itemscope\" itemtype=\"https:\/\/schema.org\/CreativeWork\" ><div class='avia_textblock'   itemprop=\"text\" ><h3>H\u0130ZMETLER\u0130M\u0130Z<\/h3>\n<\/div><\/section><br \/>\n<section class=\"av_textblock_section\"  itemscope=\"itemscope\" itemtype=\"https:\/\/schema.org\/CreativeWork\" ><div class='avia_textblock'   itemprop=\"text\" ><ul>\n<li><a href=\"https:\/\/aydinip.com\/ru\/iplik\/\">\u041d\u0418\u0422\u042c<\/a><\/li>\n<li><a href=\"https:\/\/aydinip.com\/ru\/dantel\/\">\u041a\u0420\u0423\u0416\u0415\u0412\u041e<\/a><\/li>\n<li><a href=\"https:\/\/aydinip.com\/ru\/tul\/\">\u0422\u042e\u041b\u042c<\/a><\/li>\n<li><a href=\"https:\/\/aydinip.com\/ru\/saten\/\">Saten<\/a><\/li>\n<li><a href=\"https:\/\/aydinip.com\/ru\/tekstil-ic-giyim\/\">\u0422\u0415\u041a\u0421\u0422\u0418\u041b\u042c - \u041d\u0418\u0416\u041d\u0415\u0415 \u0411\u0415\u041b\u042c\u0415<\/a><\/li>\n<\/ul>\n<\/div><\/section><\/p><\/div><div class=\"flex_column av_one_fourth  flex_column_div av-zero-column-padding   avia-builder-el-31  el_after_av_one_fourth  el_before_av_one_fourth\" style='border-radius:0px; '><section class=\"av_textblock_section\"  itemscope=\"itemscope\" itemtype=\"https:\/\/schema.org\/CreativeWork\" ><div class='avia_textblock'   itemprop=\"text\" ><h3>\u0130LET\u0130\u015e\u0130M<\/h3>\n<\/div><\/section><br \/>\n<section class=\"av_textblock_section\"  itemscope=\"itemscope\" itemtype=\"https:\/\/schema.org\/CreativeWork\" ><div class='avia_textblock'   itemprop=\"text\" ><\/div><\/section><br \/>\n<section class=\"av_textblock_section\"  itemscope=\"itemscope\" itemtype=\"https:\/\/schema.org\/CreativeWork\" ><div class='avia_textblock'   itemprop=\"text\" ><h5><\/h5>\n<h5>Adres:<\/h5>\n<p>D\u00fcnya Ticaret Merkezi Ye\u015filk\u00f6y Mah. Atat\u00fcrk Cad. EGS Bloklar\u0131 No: 23<\/p>\n<p>BAKIRK\u00d6Y\/\u0130STANBUL<\/p>\n<h5>Telefon:<\/h5>\n<p>+90 506 788 62 00<\/p>\n<p>+90 212 973 48 58<\/p>\n<h5>E-Posta:<\/h5>\n<p>info@aydinip.com<\/p>\n<\/div><\/section><\/p><\/div><div class=\"flex_column av_one_fourth  flex_column_div av-zero-column-padding   avia-builder-el-35  el_after_av_one_fourth  avia-builder-el-last\" style='border-radius:0px; '><\/div>\n<\/div><\/div><\/div><!-- close content main div --><\/div><\/div><div id='after_section_5'  class='main_color av_default_container_wrap container_wrap sidebar_right' style=' '  ><div class='container' ><div class='template-page content  av-content-small alpha units'><div class='post-entry post-entry-type-page post-entry-18'><div class='entry-content-wrapper clearfix'>","protected":false},"excerpt":{"rendered":"","protected":false},"author":1,"featured_media":0,"parent":0,"menu_order":0,"comment_status":"closed","ping_status":"closed","template":"","meta":{"footnotes":""},"_links":{"self":[{"href":"https:\/\/aydinip.com\/ru\/wp-json\/wp\/v2\/pages\/18"}],"collection":[{"href":"https:\/\/aydinip.com\/ru\/wp-json\/wp\/v2\/pages"}],"about":[{"href":"https:\/\/aydinip.com\/ru\/wp-json\/wp\/v2\/types\/page"}],"author":[{"embeddable":true,"href":"https:\/\/aydinip.com\/ru\/wp-json\/wp\/v2\/users\/1"}],"replies":[{"embeddable":true,"href":"https:\/\/aydinip.com\/ru\/wp-json\/wp\/v2\/comments?post=18"}],"version-history":[{"count":22,"href":"https:\/\/aydinip.com\/ru\/wp-json\/wp\/v2\/pages\/18\/revisions"}],"predecessor-version":[{"id":364,"href":"https:\/\/aydinip.com\/ru\/wp-json\/wp\/v2\/pages\/18\/revisions\/364"}],"wp:attachment":[{"href":"https:\/\/aydinip.com\/ru\/wp-json\/wp\/v2\/media?parent=18"}],"curies":[{"name":"wp","href":"https:\/\/api.w.org\/{rel}","templated":true}]}}