{"id":16,"date":"2021-07-08T14:06:17","date_gmt":"2021-07-08T11:06:17","guid":{"rendered":"https:\/\/aydinip.com\/?page_id=16"},"modified":"2023-09-26T10:23:15","modified_gmt":"2023-09-26T07:23:15","slug":"hakkimizda","status":"publish","type":"page","link":"https:\/\/aydinip.com\/ru\/hakkimizda\/","title":{"rendered":"\u041e \u043d\u0430\u0441"},"content":{"rendered":"<div class=\"flex_column av_one_full  flex_column_div av-zero-column-padding first  avia-builder-el-0  el_before_av_one_full  avia-builder-el-first\" style='border-radius:0px; '><\/div>\n<div class=\"flex_column av_one_full  flex_column_div av-zero-column-padding first  avia-builder-el-1  el_after_av_one_full  el_before_av_one_half  column-top-margin\" style='border-radius:0px; '><div  style='padding-bottom:10px; ' class='av-special-heading av-special-heading-h2  blockquote classic-quote  avia-builder-el-2  avia-builder-el-no-sibling'><h2 class='av-special-heading-tag'  itemprop=\"headline\"  >\u041e \u041d\u0410\u0421<\/h2><div class='special-heading-border'><div class='special-heading-inner-border' ><\/div><\/div><\/div><\/div>\n<div class=\"flex_column av_one_half  flex_column_div av-zero-column-padding first  avia-builder-el-3  el_after_av_one_full  el_before_av_one_half  column-top-margin\" style='border-radius:0px; '><div  class='avia-image-container  av-styling-    avia-builder-el-4  avia-builder-el-no-sibling  avia-align-center'  itemprop=\"image\" itemscope=\"itemscope\" itemtype=\"https:\/\/schema.org\/ImageObject\"  ><div class='avia-image-container-inner'><div class='avia-image-overlay-wrap'><img decoding=\"async\" class='wp-image-215 avia-img-lazy-loading-not-215 avia_image' src=\"https:\/\/aydinip.com\/wp-content\/uploads\/2021\/08\/Adsiz-tasarim-41-1.png\" alt='' title='Ads\u0131z tasar\u0131m (41)' height=\"500\" width=\"500\"  itemprop=\"thumbnailUrl\" srcset=\"https:\/\/aydinip.com\/wp-content\/uploads\/2021\/08\/Adsiz-tasarim-41-1.png 500w, https:\/\/aydinip.com\/wp-content\/uploads\/2021\/08\/Adsiz-tasarim-41-1-300x300.png 300w, https:\/\/aydinip.com\/wp-content\/uploads\/2021\/08\/Adsiz-tasarim-41-1-80x80.png 80w, https:\/\/aydinip.com\/wp-content\/uploads\/2021\/08\/Adsiz-tasarim-41-1-36x36.png 36w, https:\/\/aydinip.com\/wp-content\/uploads\/2021\/08\/Adsiz-tasarim-41-1-180x180.png 180w\" sizes=\"(max-width: 500px) 100vw, 500px\" \/><\/div><\/div><\/div><\/div>\n<div class=\"flex_column av_one_half  flex_column_div av-zero-column-padding   avia-builder-el-5  el_after_av_one_half  el_before_av_one_half  column-top-margin\" style='border-radius:0px; '><section class=\"av_textblock_section\"  itemscope=\"itemscope\" itemtype=\"https:\/\/schema.org\/CreativeWork\" ><div class='avia_textblock'  style='font-size:20px; '  itemprop=\"text\" ><p>\u0421 \u043c\u043e\u043c\u0435\u043d\u0442\u0430 \u0441\u0432\u043e\u0435\u0433\u043e \u043e\u0441\u043d\u043e\u0432\u0430\u043d\u0438\u044f \u0432 1995 \u0433\u043e\u0434\u0443 \u043a\u043e\u043c\u043f\u0430\u043d\u0438\u044f \u0410\u0439\u0434\u044b\u043d \u0418\u043f\u043b\u0438\u043a \u043f\u043e\u0441\u0442\u0430\u0432\u043b\u044f\u0435\u0442 \u0432\u0441\u044e \u043f\u0440\u044f\u0436\u0443, \u0442\u043a\u0430\u043d\u0438 \u0438 \u0442\u0435\u043a\u0441\u0442\u0438\u043b\u044c\u043d\u044b\u0435 \u043c\u0430\u0442\u0435\u0440\u0438\u0430\u043b\u044b, \u043d\u0435\u043e\u0431\u0445\u043e\u0434\u0438\u043c\u044b\u0435 \u043f\u0440\u0435\u0434\u043f\u0440\u0438\u044f\u0442\u0438\u044f\u043c \u043d\u0430 \u0441\u0430\u043c\u044b\u0445 \u0432\u044b\u0433\u043e\u0434\u043d\u044b\u0445 \u0443\u0441\u043b\u043e\u0432\u0438\u044f\u0445. \u041a\u043e\u043c\u043f\u0430\u043d\u0438\u044f \u0410\u0439\u0434\u044b\u043d \u0418\u043f \u043f\u0440\u043e\u0434\u043e\u043b\u0436\u0430\u0435\u0442 \u0441\u0432\u043e\u0439 \u043f\u0443\u0442\u044c \u0441 \u0436\u0435\u043b\u0430\u043d\u0438\u0435\u043c \u043a\u0430\u0436\u0434\u044b\u0439 \u0433\u043e\u0434 \u043f\u0440\u043e\u0438\u0437\u0432\u043e\u0434\u0438\u0442\u044c \u043b\u0443\u0447\u0448\u0435, \u0447\u0435\u043c \u0432 \u043f\u0440\u0435\u0434\u044b\u0434\u0443\u0449\u0435\u043c \u0433\u043e\u0434\u0443, \u043e\u0431\u0435\u0441\u043f\u0435\u0447\u0438\u0432\u0430\u044f \u043a\u0430\u0447\u0435\u0441\u0442\u0432\u043e \u0438 \u043f\u0440\u0435\u0432\u043e\u0441\u0445\u043e\u0434\u043d\u044b\u0439 \u043f\u043e\u0434\u0445\u043e\u0434 \u043a \u043e\u0431\u0441\u043b\u0443\u0436\u0438\u0432\u0430\u043d\u0438\u044e \u0441\u0432\u043e\u0438\u0445 \u043a\u043b\u0438\u0435\u043d\u0442\u043e\u0432. \u0410\u0439\u0434\u044b\u043d \u0418\u043f \u043d\u0430\u0447\u0430\u043b\u0430 \u0441\u0432\u043e\u044e \u0434\u0435\u044f\u0442\u0435\u043b\u044c\u043d\u043e\u0441\u0442\u044c \u0432 1995 \u0433\u043e\u0434\u0443 \u0441 \u043a\u043e\u043c\u043f\u0430\u043d\u0438\u0438 \u041e\u041e\u041e \u00ab\u0411\u043e\u0441\u0444\u043e\u0440\u0410\u00bb, \u043a\u043e\u0442\u043e\u0440\u0443\u044e \u043c\u044b \u043e\u0441\u043d\u043e\u0432\u0430\u043b\u0438 \u0432 \u041c\u043e\u0441\u043a\u0432\u0435, \u0441\u0442\u043e\u043b\u0438\u0446\u0435 \u0420\u043e\u0441\u0441\u0438\u0439\u0441\u043a\u043e\u0439 \u0424\u0435\u0434\u0435\u0440\u0430\u0446\u0438\u0438. \u041c\u044b \u043d\u0430\u0447\u0430\u043b\u0438 \u0431\u0438\u0437\u043d\u0435\u0441 \u0441 \u0442\u043e\u0440\u0433\u043e\u0432\u043b\u0438 \u043f\u0440\u044f\u0436\u0435\u0439 \u0438 \u0442\u0435\u043a\u0441\u0442\u0438\u043b\u0435\u043c \u0432 \u041c\u043e\u0441\u043a\u0432\u0435 \u0438 \u0432\u0435\u0440\u043d\u0443\u043b\u0438\u0441\u044c \u0432 \u0422\u0443\u0440\u0446\u0438\u044e \u0432 2009 \u0433\u043e\u0434\u0443, \u0447\u0442\u043e\u0431\u044b \u043e\u0441\u043d\u043e\u0432\u0430\u0442\u044c \u043a\u043e\u043c\u043f\u0430\u043d\u0438\u044e \u0410\u0439\u0434\u044b\u043d \u0418\u043f. \u0421\u043f\u0443\u0441\u0442\u044f \u043d\u0435\u043a\u043e\u0442\u043e\u0440\u043e\u0435 \u0432\u0440\u0435\u043c\u044f, \u0432 2013 \u0433\u043e\u0434\u0443, \u043c\u044b \u043d\u0430\u0447\u0430\u043b\u0438 \u0434\u0435\u044f\u0442\u0435\u043b\u044c\u043d\u043e\u0441\u0442\u044c \u043f\u043e \u043f\u0440\u043e\u0438\u0437\u0432\u043e\u0434\u0441\u0442\u0432\u0443 \u043a\u0430\u0440\u043a\u0430\u0441\u043d\u043e\u0433\u043e \u0438 \u0443\u0437\u043a\u043e\u0433\u043e \u0442\u043a\u0430\u0447\u0435\u0441\u0442\u0432\u0430. \u0412 2016 \u0433\u043e\u0434\u0443 \u043c\u044b \u043e\u0441\u043d\u043e\u0432\u0430\u043b\u0438 \u043a\u043e\u043c\u043f\u0430\u043d\u0438\u044e \u041e\u0440\u043e\u0432\u0438\u0442\u0430 \u043f\u043e\u0434 \u0440\u0443\u043a\u043e\u0432\u043e\u0434\u0441\u0442\u0432\u043e\u043c \u0410\u0439\u0434\u044b\u043d\u0430 \u0418\u043f \u0438 \u043d\u0430\u0447\u0430\u043b\u0438 \u043f\u0440\u043e\u0438\u0437\u0432\u043e\u0434\u0441\u0442\u0432\u043e \u0438 \u043f\u0440\u043e\u0434\u0430\u0436\u0443 \u043d\u0438\u0436\u043d\u0435\u0433\u043e \u0431\u0435\u043b\u044c\u044f. \u0412 2020 \u0433\u043e\u0434\u0443 \u043c\u044b \u043d\u0430\u0447\u0430\u043b\u0438 \u043e\u043d\u043b\u0430\u0439\u043d \u0442\u043e\u0440\u0433\u043e\u0432\u043b\u044e \u043d\u0438\u0436\u043d\u0438\u043c \u0431\u0435\u043b\u044c\u0435\u043c \u043f\u043e\u0434 \u043d\u0430\u0448\u0438\u043c \u0431\u0440\u0435\u043d\u0434\u043e\u043c \u041e\u0440\u043e\u0432\u0438\u0442\u0430 \u043d\u0430 orovita.com.tr \u0438 \u043d\u0430 \u0432\u0441\u0435\u0445 \u0442\u043e\u0440\u0433\u043e\u0432\u044b\u0445 \u043f\u043b\u043e\u0449\u0430\u0434\u043a\u0430\u0445.<\/p>\n<\/div><\/section><\/div>\n<div class=\"flex_column av_one_half  flex_column_div av-zero-column-padding first  avia-builder-el-7  el_after_av_one_half  el_before_av_one_half  column-top-margin\" style='border-radius:0px; '><section class=\"av_textblock_section\"  itemscope=\"itemscope\" itemtype=\"https:\/\/schema.org\/CreativeWork\" ><div class='avia_textblock'  style='font-size:20px; '  itemprop=\"text\" ><p><strong>\u041d\u0430\u0448\u0438 \u0441\u0444\u0435\u0440\u044b \u0434\u0435\u044f\u0442\u0435\u043b\u044c\u043d\u043e\u0441\u0442\u0438 \u0438 \u0431\u0440\u0435\u043d\u0434\u044b;<\/strong><\/p>\n<p>\u0412 \u043a\u043e\u043c\u043f\u0430\u043d\u0438\u0438 \u0410\u0439\u0434\u044b\u043d \u0418\u043f \u043c\u044b \u043f\u0440\u043e\u0438\u0437\u0432\u043e\u0434\u0438\u043c \u0438 \u0438\u043c\u043f\u043e\u0440\u0442\u0438\u0440\u0443\u0435\u043c \u043f\u0440\u044f\u0436\u0443, \u043a\u0440\u0443\u0436\u0435\u0432\u043e, \u0442\u044e\u043b\u044c, \u043d\u0438\u0436\u043d\u0435\u0435 \u0431\u0435\u043b\u044c\u0435 \u0438 \u0432\u0438\u0434\u044b \u0442\u043a\u0430\u043d\u0435\u0439, \u0430 \u0442\u0430\u043a\u0436\u0435 \u043f\u0440\u043e\u0434\u0430\u0435\u043c \u0438 \u044d\u043a\u0441\u043f\u043e\u0440\u0442\u0438\u0440\u0443\u0435\u043c \u0438\u0445 \u043d\u0430 \u0442\u0443\u0440\u0435\u0446\u043a\u0438\u0439 \u0440\u044b\u043d\u043e\u043a. \u041d\u0430\u0448\u0430 \u043a\u043e\u043c\u043f\u0430\u043d\u0438\u044f \u0440\u0430\u0431\u043e\u0442\u0430\u0435\u0442 \u0432 \u0440\u0430\u0437\u043b\u0438\u0447\u043d\u044b\u0445 \u0441\u0435\u043a\u0442\u043e\u0440\u0430\u0445 \u043f\u043e\u0434 \u0431\u0440\u0435\u043d\u0434\u0430\u043c\u0438 \u0430\u0439\u0434\u044b\u043d\u0438\u043f, \u043e\u0440\u043e\u0432\u0438\u0442\u0430, \u0430\u0439\u0444\u0438\u043b \u0438 \u043e\u0440\u043e\u0444\u0438\u043b.<\/p>\n<\/div><\/section><\/div><div class=\"flex_column av_one_half  flex_column_div av-zero-column-padding   avia-builder-el-9  el_after_av_one_half  el_before_av_section  avia-builder-el-last  column-top-margin\" style='border-radius:0px; '><div  class='avia-image-container  av-styling-    avia-builder-el-10  avia-builder-el-no-sibling  avia-align-center'  itemprop=\"image\" itemscope=\"itemscope\" itemtype=\"https:\/\/schema.org\/ImageObject\"  ><div class='avia-image-container-inner'><div class='avia-image-overlay-wrap'><img decoding=\"async\" class='wp-image-338 avia-img-lazy-loading-not-338 avia_image' src=\"https:\/\/aydinip.com\/wp-content\/uploads\/2023\/09\/OROVI\u0307TA-AYFI\u0307L-BY-AYDINI\u0307P-LOGO_page-0002.jpg\" alt='' title='OROVI\u0307TA AYFI\u0307L BY AYDINI\u0307P LOGO_page-0002' height=\"432\" width=\"515\"  itemprop=\"thumbnailUrl\" srcset=\"https:\/\/aydinip.com\/wp-content\/uploads\/2023\/09\/OROVI\u0307TA-AYFI\u0307L-BY-AYDINI\u0307P-LOGO_page-0002.jpg 515w, https:\/\/aydinip.com\/wp-content\/uploads\/2023\/09\/OROVI\u0307TA-AYFI\u0307L-BY-AYDINI\u0307P-LOGO_page-0002-300x252.jpg 300w\" sizes=\"(max-width: 515px) 100vw, 515px\" \/><\/div><\/div><\/div><\/div><\/p>\n<\/div><\/div><\/div><!-- close content main div --><\/div><\/div><div id='av_section_1'  class='avia-section main_color avia-section-default avia-no-border-styling  avia-bg-style-scroll  avia-builder-el-11  el_after_av_one_half  avia-builder-el-last   container_wrap sidebar_right' style='background-color: #ffffff;  '  ><div class='container' ><div class='template-page content  av-content-small alpha units'><div class='post-entry post-entry-type-page post-entry-16'><div class='entry-content-wrapper clearfix'>\n<div class=\"flex_column av_one_fourth  flex_column_div av-zero-column-padding first  avia-builder-el-12  el_before_av_one_fourth  avia-builder-el-first\" style='border-radius:0px; '><section class=\"av_textblock_section\"  itemscope=\"itemscope\" itemtype=\"https:\/\/schema.org\/CreativeWork\" ><div class='avia_textblock'   itemprop=\"text\" ><h3><strong>MEN\u00dc<\/strong><\/h3>\n<\/div><\/section><br \/>\n<section class=\"av_textblock_section\"  itemscope=\"itemscope\" itemtype=\"https:\/\/schema.org\/CreativeWork\" ><div class='avia_textblock'   itemprop=\"text\" ><ul>\n<li><a href=\"https:\/\/aydinip.com\/ru\/\">\u0413\u043b\u0430\u0432\u043d\u0430\u044f \u0441\u0442\u0440\u0430\u043d\u0438\u0446\u0430<\/a><\/li>\n<li><a href=\"https:\/\/aydinip.com\/ru\/hakkimizda\/\">\u041e \u043d\u0430\u0441<\/a><\/li>\n<li><a href=\"https:\/\/aydinip.com\/ru\/faaliyet-alanlarimiz\/\">\u041d\u0430\u0448\u0438 \u0431\u0440\u0435\u043d\u0434\u044b<\/a><\/li>\n<li><a href=\"https:\/\/aydinip.com\/ru\/urunler\/\">\u041f\u0440\u043e\u0434\u0443\u043a\u0446\u0438\u044f\u00a0<\/a><\/li>\n<li><a href=\"https:\/\/aydinip.com\/ru\/iletisim\/\">\u041a\u043e\u043d\u0442\u0430\u043a\u0442\u044b<\/a><\/li>\n<\/ul>\n<\/div><\/section><\/p><\/div><div class=\"flex_column av_one_fourth  flex_column_div av-zero-column-padding   avia-builder-el-15  el_after_av_one_fourth  el_before_av_one_fourth\" style='border-radius:0px; '><section class=\"av_textblock_section\"  itemscope=\"itemscope\" itemtype=\"https:\/\/schema.org\/CreativeWork\" ><div class='avia_textblock'   itemprop=\"text\" ><h3>H\u0130ZMETLER\u0130M\u0130Z<\/h3>\n<\/div><\/section><br \/>\n<section class=\"av_textblock_section\"  itemscope=\"itemscope\" itemtype=\"https:\/\/schema.org\/CreativeWork\" ><div class='avia_textblock'   itemprop=\"text\" ><ul>\n<li><a href=\"https:\/\/aydinip.com\/ru\/iplik\/\">\u041d\u0418\u0422\u042c<\/a><\/li>\n<li><a href=\"https:\/\/aydinip.com\/ru\/dantel\/\">\u041a\u0420\u0423\u0416\u0415\u0412\u041e<\/a><\/li>\n<li><a href=\"https:\/\/aydinip.com\/ru\/tul\/\">\u0422\u042e\u041b\u042c<\/a><\/li>\n<li><a href=\"https:\/\/aydinip.com\/ru\/saten\/\">Saten<\/a><\/li>\n<li><a href=\"https:\/\/aydinip.com\/ru\/tekstil-ic-giyim\/\">\u0422\u0415\u041a\u0421\u0422\u0418\u041b\u042c - \u041d\u0418\u0416\u041d\u0415\u0415 \u0411\u0415\u041b\u042c\u0415<\/a><\/li>\n<\/ul>\n<\/div><\/section><\/p><\/div><div class=\"flex_column av_one_fourth  flex_column_div av-zero-column-padding   avia-builder-el-18  el_after_av_one_fourth  el_before_av_one_fourth\" style='border-radius:0px; '><section class=\"av_textblock_section\"  itemscope=\"itemscope\" itemtype=\"https:\/\/schema.org\/CreativeWork\" ><div class='avia_textblock'   itemprop=\"text\" ><h3>\u0130LET\u0130\u015e\u0130M<\/h3>\n<\/div><\/section><br \/>\n<section class=\"av_textblock_section\"  itemscope=\"itemscope\" itemtype=\"https:\/\/schema.org\/CreativeWork\" ><div class='avia_textblock'   itemprop=\"text\" ><\/div><\/section><br \/>\n<section class=\"av_textblock_section\"  itemscope=\"itemscope\" itemtype=\"https:\/\/schema.org\/CreativeWork\" ><div class='avia_textblock'   itemprop=\"text\" ><h5><\/h5>\n<h5>Adres:<\/h5>\n<p>D\u00fcnya Ticaret Merkezi Ye\u015filk\u00f6y Mah. Atat\u00fcrk Cad. EGS Bloklar\u0131 No: 23<\/p>\n<p>BAKIRK\u00d6Y\/\u0130STANBUL<\/p>\n<h5>Telefon:<\/h5>\n<p>+90 506 788 62 00<\/p>\n<p>+90 212 973 48 58<\/p>\n<h5>E-Posta:<\/h5>\n<p>info@aydinip.com<\/p>\n<\/div><\/section><\/p><\/div><div class=\"flex_column av_one_fourth  flex_column_div av-zero-column-padding   avia-builder-el-22  el_after_av_one_fourth  avia-builder-el-last\" style='border-radius:0px; '><\/div>\n<\/div><\/div><\/div><!-- close content main div --><\/div><\/div><div id='after_section_1'  class='main_color av_default_container_wrap container_wrap sidebar_right' style=' '  ><div class='container' ><div class='template-page content  av-content-small alpha units'><div class='post-entry post-entry-type-page post-entry-16'><div class='entry-content-wrapper clearfix'>","protected":false},"excerpt":{"rendered":"","protected":false},"author":1,"featured_media":0,"parent":0,"menu_order":0,"comment_status":"closed","ping_status":"closed","template":"","meta":{"footnotes":""},"_links":{"self":[{"href":"https:\/\/aydinip.com\/ru\/wp-json\/wp\/v2\/pages\/16"}],"collection":[{"href":"https:\/\/aydinip.com\/ru\/wp-json\/wp\/v2\/pages"}],"about":[{"href":"https:\/\/aydinip.com\/ru\/wp-json\/wp\/v2\/types\/page"}],"author":[{"embeddable":true,"href":"https:\/\/aydinip.com\/ru\/wp-json\/wp\/v2\/users\/1"}],"replies":[{"embeddable":true,"href":"https:\/\/aydinip.com\/ru\/wp-json\/wp\/v2\/comments?post=16"}],"version-history":[{"count":16,"href":"https:\/\/aydinip.com\/ru\/wp-json\/wp\/v2\/pages\/16\/revisions"}],"predecessor-version":[{"id":363,"href":"https:\/\/aydinip.com\/ru\/wp-json\/wp\/v2\/pages\/16\/revisions\/363"}],"wp:attachment":[{"href":"https:\/\/aydinip.com\/ru\/wp-json\/wp\/v2\/media?parent=16"}],"curies":[{"name":"wp","href":"https:\/\/api.w.org\/{rel}","templated":true}]}}