{"id":51,"date":"2021-07-08T15:02:57","date_gmt":"2021-07-08T12:02:57","guid":{"rendered":"https:\/\/aydinip.com\/?page_id=51"},"modified":"2022-07-28T15:01:30","modified_gmt":"2022-07-28T12:01:30","slug":"tekstil-ic-giyim","status":"publish","type":"page","link":"https:\/\/aydinip.com\/en\/tekstil-ic-giyim\/","title":{"rendered":"Tekstil-\u0130\u00e7 Giyim"},"content":{"rendered":"<div id='av_section_1'  class='avia-section main_color avia-section-default avia-no-border-styling  avia-bg-style-scroll  avia-builder-el-0  el_before_av_section  avia-builder-el-first   container_wrap sidebar_right' style=' '  ><div class='container' ><main  role=\"main\" itemprop=\"mainContentOfPage\"  class='template-page content  av-content-small alpha units'><div class='post-entry post-entry-type-page post-entry-51'><div class='entry-content-wrapper clearfix'>\n<div class=\"flex_column av_one_half  flex_column_div av-zero-column-padding first  avia-builder-el-1  el_before_av_one_half  avia-builder-el-first\" style='border-radius:0px; '><div  class='avia-image-container  av-styling-    avia-builder-el-2  avia-builder-el-no-sibling  avia-align-center'  itemprop=\"image\" itemscope=\"itemscope\" itemtype=\"https:\/\/schema.org\/ImageObject\"  ><div class='avia-image-container-inner'><div class='avia-image-overlay-wrap'><img decoding=\"async\" class='wp-image-151 avia-img-lazy-loading-not-151 avia_image' src=\"https:\/\/aydinip.com\/wp-content\/uploads\/2021\/07\/Adsiz-tasarim-33-300x210.png\" alt='' title='Ads\u0131z tasar\u0131m (33)' height=\"210\" width=\"300\"  itemprop=\"thumbnailUrl\" srcset=\"https:\/\/aydinip.com\/wp-content\/uploads\/2021\/07\/Adsiz-tasarim-33-300x210.png 300w, https:\/\/aydinip.com\/wp-content\/uploads\/2021\/07\/Adsiz-tasarim-33.png 500w\" sizes=\"(max-width: 300px) 100vw, 300px\" \/><\/div><\/div><\/div><\/div><div class=\"flex_column av_one_half  flex_column_div av-zero-column-padding   avia-builder-el-3  el_after_av_one_half  avia-builder-el-last\" style='border-radius:0px; '><p><div  style='padding-bottom:10px; ' class='av-special-heading av-special-heading-h2    avia-builder-el-4  el_before_av_textblock  avia-builder-el-first'><h2 class='av-special-heading-tag'  itemprop=\"headline\"  >Tekstil &#8211; \u0130\u00e7 Giyim<\/h2><div class='special-heading-border'><div class='special-heading-inner-border' ><\/div><\/div><\/div><br \/>\n<section class=\"av_textblock_section\"  itemscope=\"itemscope\" itemtype=\"https:\/\/schema.org\/CreativeWork\" ><div class='avia_textblock'  style='font-size:15px; '  itemprop=\"text\" ><p>\u0130\u00e7 giyim \u00fcr\u00fcnlerimiz i\u00e7in &#8221;\u00a0<a href=\"http:\/\/orovita.com.tr\">http:\/\/orovita.com.tr<\/a> &#8221; adresiniz ziyaret edebilirsiniz.<\/p>\n<\/div><\/section><\/p><\/div>\n\n<\/div><\/div><\/main><!-- close content main element --><\/div><\/div><div id='av_section_2'  class='avia-section main_color avia-section-default avia-no-border-styling  avia-bg-style-scroll  avia-builder-el-6  el_after_av_section  avia-builder-el-last   container_wrap sidebar_right' style='background-color: #ffffff;  '  ><div class='container' ><div class='template-page content  av-content-small alpha units'><div class='post-entry post-entry-type-page post-entry-51'><div class='entry-content-wrapper clearfix'>\n<div class=\"flex_column av_one_fourth  flex_column_div av-zero-column-padding first  avia-builder-el-7  el_before_av_one_fourth  avia-builder-el-first\" style='border-radius:0px; '><section class=\"av_textblock_section\"  itemscope=\"itemscope\" itemtype=\"https:\/\/schema.org\/CreativeWork\" ><div class='avia_textblock'   itemprop=\"text\" ><h3><strong>MEN\u00dc<\/strong><\/h3>\n<\/div><\/section><br \/>\n<section class=\"av_textblock_section\"  itemscope=\"itemscope\" itemtype=\"https:\/\/schema.org\/CreativeWork\" ><div class='avia_textblock'   itemprop=\"text\" ><ul>\n<li><a href=\"https:\/\/aydinip.com\/en\/\">Ana Sayfa<\/a><\/li>\n<li><a href=\"https:\/\/aydinip.com\/en\/hakkimizda\/\">Hakk\u0131m\u0131zda<\/a><\/li>\n<li><a href=\"https:\/\/aydinip.com\/en\/faaliyet-alanlarimiz\/\">Markalar\u0131m\u0131z<\/a><\/li>\n<li><a href=\"https:\/\/aydinip.com\/en\/urunler\/\">\u00dcr\u00fcnler\u00a0<\/a><\/li>\n<li><a href=\"https:\/\/aydinip.com\/en\/iletisim\/\">\u0130leti\u015fim<\/a><\/li>\n<\/ul>\n<\/div><\/section><\/p><\/div><div class=\"flex_column av_one_fourth  flex_column_div av-zero-column-padding   avia-builder-el-10  el_after_av_one_fourth  el_before_av_one_fourth\" style='border-radius:0px; '><section class=\"av_textblock_section\"  itemscope=\"itemscope\" itemtype=\"https:\/\/schema.org\/CreativeWork\" ><div class='avia_textblock'   itemprop=\"text\" ><h3>H\u0130ZMETLER\u0130M\u0130Z<\/h3>\n<\/div><\/section><br \/>\n<section class=\"av_textblock_section\"  itemscope=\"itemscope\" itemtype=\"https:\/\/schema.org\/CreativeWork\" ><div class='avia_textblock'   itemprop=\"text\" ><ul>\n<li><a href=\"https:\/\/aydinip.com\/en\/iplik\/\">\u0130plik<\/a><\/li>\n<li><a href=\"https:\/\/aydinip.com\/en\/dantel\/\">Dantel<\/a><\/li>\n<li><a href=\"https:\/\/aydinip.com\/en\/tul\/\">T\u00fcl<\/a><\/li>\n<li><a href=\"https:\/\/aydinip.com\/en\/saten\/\">Saten<\/a><\/li>\n<li><a href=\"https:\/\/aydinip.com\/en\/tekstil-ic-giyim\/\">Tekstil-\u0130\u00e7 Giyim<\/a><\/li>\n<\/ul>\n<\/div><\/section><\/p><\/div><div class=\"flex_column av_one_fourth  flex_column_div av-zero-column-padding   avia-builder-el-13  el_after_av_one_fourth  el_before_av_one_fourth\" style='border-radius:0px; '><section class=\"av_textblock_section\"  itemscope=\"itemscope\" itemtype=\"https:\/\/schema.org\/CreativeWork\" ><div class='avia_textblock'   itemprop=\"text\" ><h3>\u0130LET\u0130\u015e\u0130M<\/h3>\n<\/div><\/section><br \/>\n<section class=\"av_textblock_section\"  itemscope=\"itemscope\" itemtype=\"https:\/\/schema.org\/CreativeWork\" ><div class='avia_textblock'   itemprop=\"text\" ><\/div><\/section><br \/>\n<section class=\"av_textblock_section\"  itemscope=\"itemscope\" itemtype=\"https:\/\/schema.org\/CreativeWork\" ><div class='avia_textblock'   itemprop=\"text\" ><h5><\/h5>\n<h5>Adres:<\/h5>\n<p>D\u00fcnya Ticaret Merkezi Ye\u015filk\u00f6y Mah. Atat\u00fcrk Cad. EGS Bloklar\u0131 No: 23<\/p>\n<p>BAKIRK\u00d6Y\/\u0130STANBUL<\/p>\n<h5>Telefon:<\/h5>\n<p>+90 506 788 62 00<\/p>\n<p>+90 212 973 48 58<\/p>\n<h5>E-Posta:<\/h5>\n<p>info@aydinip.com<\/p>\n<\/div><\/section><\/p><\/div><div class=\"flex_column av_one_fourth  flex_column_div av-zero-column-padding   avia-builder-el-17  el_after_av_one_fourth  avia-builder-el-last\" style='border-radius:0px; '><\/div>\n<\/div><\/div><\/div><!-- close content main div --><\/div><\/div><div id='after_section_2'  class='main_color av_default_container_wrap container_wrap sidebar_right' style=' '  ><div class='container' ><div class='template-page content  av-content-small alpha units'><div class='post-entry post-entry-type-page post-entry-51'><div class='entry-content-wrapper clearfix'>","protected":false},"excerpt":{"rendered":"","protected":false},"author":1,"featured_media":0,"parent":0,"menu_order":0,"comment_status":"closed","ping_status":"closed","template":"","meta":{"footnotes":""},"_links":{"self":[{"href":"https:\/\/aydinip.com\/en\/wp-json\/wp\/v2\/pages\/51"}],"collection":[{"href":"https:\/\/aydinip.com\/en\/wp-json\/wp\/v2\/pages"}],"about":[{"href":"https:\/\/aydinip.com\/en\/wp-json\/wp\/v2\/types\/page"}],"author":[{"embeddable":true,"href":"https:\/\/aydinip.com\/en\/wp-json\/wp\/v2\/users\/1"}],"replies":[{"embeddable":true,"href":"https:\/\/aydinip.com\/en\/wp-json\/wp\/v2\/comments?post=51"}],"version-history":[{"count":7,"href":"https:\/\/aydinip.com\/en\/wp-json\/wp\/v2\/pages\/51\/revisions"}],"predecessor-version":[{"id":325,"href":"https:\/\/aydinip.com\/en\/wp-json\/wp\/v2\/pages\/51\/revisions\/325"}],"wp:attachment":[{"href":"https:\/\/aydinip.com\/en\/wp-json\/wp\/v2\/media?parent=51"}],"curies":[{"name":"wp","href":"https:\/\/api.w.org\/{rel}","templated":true}]}}