{"id":49,"date":"2021-07-08T15:00:26","date_gmt":"2021-07-08T12:00:26","guid":{"rendered":"https:\/\/aydinip.com\/?page_id=49"},"modified":"2023-10-03T12:22:55","modified_gmt":"2023-10-03T09:22:55","slug":"kumas","status":"publish","type":"page","link":"https:\/\/aydinip.com\/en\/kumas\/","title":{"rendered":"Kuma\u015f"},"content":{"rendered":"<div id='av_section_1'  class='avia-section main_color avia-section-default avia-no-border-styling  avia-bg-style-scroll  avia-builder-el-0  el_before_av_section  avia-builder-el-first   container_wrap sidebar_right' style='background-color: #ffffff;  '  ><div class='container' ><main  role=\"main\" itemprop=\"mainContentOfPage\"  class='template-page content  av-content-small alpha units'><div class='post-entry post-entry-type-page post-entry-49'><div class='entry-content-wrapper clearfix'>\n<div class=\"flex_column av_one_full  flex_column_div av-zero-column-padding first  avia-builder-el-1  avia-builder-el-no-sibling\" style='border-radius:0px; '><div  style='padding-bottom:10px; ' class='av-special-heading av-special-heading-h2  blockquote elegant-quote elegant-centered  avia-builder-el-2  avia-builder-el-no-sibling'><h2 class='av-special-heading-tag'  itemprop=\"headline\"  ><span class=\"heading-wrap\">Kuma\u015f<\/span><\/h2><div class='special-heading-border'><div class='special-heading-inner-border' ><\/div><\/div><\/div><\/div>\n\n<\/div><\/div><\/main><!-- close content main element --><\/div><\/div><div id='av_section_2'  class='avia-section main_color avia-section-default avia-no-border-styling  avia-bg-style-scroll  avia-builder-el-3  el_after_av_section  el_before_av_section   container_wrap sidebar_right' style='background-color: #4594e8;  '  ><div class='container' ><div class='template-page content  av-content-small alpha units'><div class='post-entry post-entry-type-page post-entry-49'><div class='entry-content-wrapper clearfix'>\n<div class=\"flex_column av_one_half  flex_column_div av-zero-column-padding first  avia-builder-el-4  el_before_av_one_half  avia-builder-el-first\" style='border-radius:0px; '><div  class='avia-image-container  av-styling-circle    avia-builder-el-5  avia-builder-el-no-sibling  avia-align-center'  itemprop=\"image\" itemscope=\"itemscope\" itemtype=\"https:\/\/schema.org\/ImageObject\"  ><div class='avia-image-container-inner'><div class='avia-image-overlay-wrap'><img decoding=\"async\" class='wp-image-375 avia-img-lazy-loading-not-375 avia_image' src=\"https:\/\/aydinip.com\/wp-content\/uploads\/2023\/09\/uciplik.jpg\" alt='' title='uciplik' height=\"771\" width=\"1024\"  itemprop=\"thumbnailUrl\" srcset=\"https:\/\/aydinip.com\/wp-content\/uploads\/2023\/09\/uciplik.jpg 1024w, https:\/\/aydinip.com\/wp-content\/uploads\/2023\/09\/uciplik-300x226.jpg 300w, https:\/\/aydinip.com\/wp-content\/uploads\/2023\/09\/uciplik-768x578.jpg 768w, https:\/\/aydinip.com\/wp-content\/uploads\/2023\/09\/uciplik-705x531.jpg 705w\" sizes=\"(max-width: 1024px) 100vw, 1024px\" \/><\/div><\/div><\/div><\/div><div class=\"flex_column av_one_half  flex_column_div av-zero-column-padding   avia-builder-el-6  el_after_av_one_half  avia-builder-el-last\" style='border-radius:0px; '><p><div  style='padding-bottom:10px; color:#ffffff;' class='av-special-heading av-special-heading-h3 custom-color-heading   avia-builder-el-7  el_before_av_textblock  avia-builder-el-first'><h3 class='av-special-heading-tag'  itemprop=\"headline\"  >\u00dc\u00e7 \u0130plik Kuma\u015flar<\/h3><div class='special-heading-border'><div class='special-heading-inner-border' style='border-color:#ffffff'><\/div><\/div><\/div><br \/>\n<section class=\"av_textblock_section\"  itemscope=\"itemscope\" itemtype=\"https:\/\/schema.org\/CreativeWork\" ><div class='avia_textblock  av_inherit_color'  style='color:#ffffff; '  itemprop=\"text\" ><p><strong>T\u00fcp ve A\u00e7\u0131k En \/ \u015eardonlu ve \u015eardonsuz<br \/>\n<\/strong><\/p>\n<ul>\n<li>30\/70\/10 Compact penye \u00fc\u00e7 iplik \u2013\u00a0 30\/70\/10 O.E \u00fc\u00e7 iplik<\/li>\n<li>30\/70\/14 Compact penye \u00fc\u00e7 iplik \u2013\u00a0 30\/70\/14 O.E \u00fc\u00e7 iplik<\/li>\n<li>30\/70\/16 Compact penye \u00fc\u00e7 iplik \u2013\u00a0 30\/70\/16 O.E \u00fc\u00e7 iplik<\/li>\n<\/ul>\n<\/div><\/section><\/p><\/div>\n\n<\/div><\/div><\/div><!-- close content main div --><\/div><\/div><div id='av_section_3'  class='avia-section main_color avia-section-default avia-no-border-styling  avia-bg-style-scroll  avia-builder-el-9  el_after_av_section  el_before_av_section   container_wrap sidebar_right' style='background-color: #ffffff;  '  ><div class='container' ><div class='template-page content  av-content-small alpha units'><div class='post-entry post-entry-type-page post-entry-49'><div class='entry-content-wrapper clearfix'>\n<div class=\"flex_column av_one_half  flex_column_div av-zero-column-padding first  avia-builder-el-10  el_before_av_one_half  avia-builder-el-first\" style='border-radius:0px; '><div  class='avia-image-container  av-styling-circle    avia-builder-el-11  avia-builder-el-no-sibling  avia-align-center'  itemprop=\"image\" itemscope=\"itemscope\" itemtype=\"https:\/\/schema.org\/ImageObject\"  ><div class='avia-image-container-inner'><div class='avia-image-overlay-wrap'><img decoding=\"async\" class='wp-image-381 avia-img-lazy-loading-not-381 avia_image' src=\"https:\/\/aydinip.com\/wp-content\/uploads\/2023\/09\/ikiiplik-1024x1024-1.jpg\" alt='' title='ikiiplik-1024x1024' height=\"828\" width=\"1024\"  itemprop=\"thumbnailUrl\" srcset=\"https:\/\/aydinip.com\/wp-content\/uploads\/2023\/09\/ikiiplik-1024x1024-1.jpg 1024w, https:\/\/aydinip.com\/wp-content\/uploads\/2023\/09\/ikiiplik-1024x1024-1-300x243.jpg 300w, https:\/\/aydinip.com\/wp-content\/uploads\/2023\/09\/ikiiplik-1024x1024-1-768x621.jpg 768w, https:\/\/aydinip.com\/wp-content\/uploads\/2023\/09\/ikiiplik-1024x1024-1-495x400.jpg 495w, https:\/\/aydinip.com\/wp-content\/uploads\/2023\/09\/ikiiplik-1024x1024-1-845x684.jpg 845w, https:\/\/aydinip.com\/wp-content\/uploads\/2023\/09\/ikiiplik-1024x1024-1-705x570.jpg 705w\" sizes=\"(max-width: 1024px) 100vw, 1024px\" \/><\/div><\/div><\/div><\/div><div class=\"flex_column av_one_half  flex_column_div av-zero-column-padding   avia-builder-el-12  el_after_av_one_half  avia-builder-el-last\" style='border-radius:0px; '><p><div  style='padding-bottom:10px; color:#0a0a0a;' class='av-special-heading av-special-heading-h3 custom-color-heading   avia-builder-el-13  el_before_av_textblock  avia-builder-el-first'><h3 class='av-special-heading-tag'  itemprop=\"headline\"  >\u0130ki \u0130plik Kuma\u015flar<\/h3><div class='special-heading-border'><div class='special-heading-inner-border' style='border-color:#0a0a0a'><\/div><\/div><\/div><br \/>\n<section class=\"av_textblock_section\"  itemscope=\"itemscope\" itemtype=\"https:\/\/schema.org\/CreativeWork\" ><div class='avia_textblock  av_inherit_color'  style='color:#0a0a0a; '  itemprop=\"text\" ><p><strong>T\u00fcp ve A\u00e7\u0131k En \/ \u015eardonlu ve \u015eardonsuz<br \/>\n<\/strong><\/p>\n<ul>\n<li>20\/10 Compact penye iki iplik \u2013\u00a0 20\/10\u00a0 O.E iki iplik<\/li>\n<li>20\/20 Compact penye iki iplik \u2013\u00a0 20\/20\u00a0 O.E iki iplik<\/li>\n<li>30\/20 Compact penye iki iplik \u2013\u00a0 30\/20\u00a0 O.E iki iplik<\/li>\n<li>30\/30 Compact penye iki iplik \u2013\u00a0 30\/30\u00a0 O.E iki iplik\u00a0 (likral\u0131 ve likras\u0131z)<\/li>\n<li>30\/100 Compact penye iki iplik likral\u0131 \u2013 30\/100 O.E iki iplik (likral\u0131 ve likras\u0131z)<\/li>\n<li>28\/150 Compact penye iki iplik likral\u0131 \u2013 28\/150 O.E iki iplik (likral\u0131 ve likras\u0131z)<\/li>\n<li>30\/150 Compact penye iki iplik likral\u0131 \u2013 30\/150 O.E iki iplik (likral\u0131 ve likras\u0131z)<\/li>\n<li>28\/150 compact penye diagonal full likral\u0131 iki iplik<\/li>\n<li>30\/100 compact penye diagonal full likral\u0131 iki iplik<\/li>\n<\/ul>\n<\/div><\/section><\/p><\/div>\n\n<\/div><\/div><\/div><!-- close content main div --><\/div><\/div><div id='av_section_4'  class='avia-section main_color avia-section-default avia-no-border-styling  avia-bg-style-scroll  avia-builder-el-15  el_after_av_section  el_before_av_section   container_wrap sidebar_right' style='background-color: #4594e8;  '  ><div class='container' ><div class='template-page content  av-content-small alpha units'><div class='post-entry post-entry-type-page post-entry-49'><div class='entry-content-wrapper clearfix'>\n<div class=\"flex_column av_one_half  flex_column_div av-zero-column-padding first  avia-builder-el-16  el_before_av_one_half  avia-builder-el-first\" style='border-radius:0px; '><div  class='avia-image-container  av-styling-circle    avia-builder-el-17  avia-builder-el-no-sibling  avia-align-center'  itemprop=\"image\" itemscope=\"itemscope\" itemtype=\"https:\/\/schema.org\/ImageObject\"  ><div class='avia-image-container-inner'><div class='avia-image-overlay-wrap'><img decoding=\"async\" class='wp-image-387 avia-img-lazy-loading-not-387 avia_image' src=\"https:\/\/aydinip.com\/wp-content\/uploads\/2023\/09\/suprem-1024x1024-1.jpg\" alt='' title='suprem-1024x1024' height=\"766\" width=\"1024\"  itemprop=\"thumbnailUrl\" srcset=\"https:\/\/aydinip.com\/wp-content\/uploads\/2023\/09\/suprem-1024x1024-1.jpg 1024w, https:\/\/aydinip.com\/wp-content\/uploads\/2023\/09\/suprem-1024x1024-1-300x224.jpg 300w, https:\/\/aydinip.com\/wp-content\/uploads\/2023\/09\/suprem-1024x1024-1-768x575.jpg 768w, https:\/\/aydinip.com\/wp-content\/uploads\/2023\/09\/suprem-1024x1024-1-705x527.jpg 705w\" sizes=\"(max-width: 1024px) 100vw, 1024px\" \/><\/div><\/div><\/div><\/div><div class=\"flex_column av_one_half  flex_column_div av-zero-column-padding   avia-builder-el-18  el_after_av_one_half  avia-builder-el-last\" style='border-radius:0px; '><p><div  style='padding-bottom:10px; color:#ffffff;' class='av-special-heading av-special-heading-h3 custom-color-heading   avia-builder-el-19  el_before_av_textblock  avia-builder-el-first'><h3 class='av-special-heading-tag'  itemprop=\"headline\"  >S\u00fcprem Kuma\u015flar<\/h3><div class='special-heading-border'><div class='special-heading-inner-border' style='border-color:#ffffff'><\/div><\/div><\/div><br \/>\n<section class=\"av_textblock_section\"  itemscope=\"itemscope\" itemtype=\"https:\/\/schema.org\/CreativeWork\" ><div class='avia_textblock  av_inherit_color'  style='color:#ffffff; '  itemprop=\"text\" ><p><strong>T\u00fcp ve A\u00e7\u0131k En<\/strong><\/p>\n<ul>\n<li>20\/1 Compact penye s\u00fcprem \u2013\u00a0 20\/1 O.E S\u00fcprem<\/li>\n<li>24\/1 Compact penye s\u00fcprem \u2013\u00a0 24\/1 O.E S\u00fcprem<\/li>\n<li>26\/1 Compact penye s\u00fcprem \u2013\u00a0 26\/1 O.E S\u00fcprem<\/li>\n<li>28\/1 Compact penye s\u00fcprem \u2013\u00a0 28\/1 O.E S\u00fcprem<\/li>\n<li>30\/1 Compact penye s\u00fcprem \u2013\u00a0 30\/1 O.E S\u00fcprem<\/li>\n<li>36\/1 Compact penye s\u00fcprem<\/li>\n<li>40\/1 Compact penye s\u00fcprem<\/li>\n<\/ul>\n<p><strong>Full Likral\u0131 s\u00fcprem:<\/strong><\/p>\n<ul>\n<li>30\/1 Compact penye full likral\u0131 s\u00fcprem<\/li>\n<li>36\/1 Compact penye full likral\u0131 s\u00fcprem<\/li>\n<li>40\/1 Compact penye full likral\u0131 s\u00fcprem<\/li>\n<\/ul>\n<\/div><\/section><\/p><\/div>\n\n<\/div><\/div><\/div><!-- close content main div --><\/div><\/div><div id='av_section_5'  class='avia-section main_color avia-section-default avia-no-border-styling  avia-bg-style-scroll  avia-builder-el-21  el_after_av_section  el_before_av_section   container_wrap sidebar_right' style='background-color: #ffffff;  '  ><div class='container' ><div class='template-page content  av-content-small alpha units'><div class='post-entry post-entry-type-page post-entry-49'><div class='entry-content-wrapper clearfix'>\n<div class=\"flex_column av_one_half  flex_column_div av-zero-column-padding first  avia-builder-el-22  el_before_av_one_half  avia-builder-el-first\" style='border-radius:0px; '><div  class='avia-image-container  av-styling-circle    avia-builder-el-23  avia-builder-el-no-sibling  avia-align-center'  itemprop=\"image\" itemscope=\"itemscope\" itemtype=\"https:\/\/schema.org\/ImageObject\"  ><div class='avia-image-container-inner'><div class='avia-image-overlay-wrap'><img decoding=\"async\" class='wp-image-389 avia-img-lazy-loading-not-389 avia_image' src=\"https:\/\/aydinip.com\/wp-content\/uploads\/2023\/09\/interlok-1024x1024-1.jpg\" alt='' title='interlok-1024x1024' height=\"884\" width=\"1024\"  itemprop=\"thumbnailUrl\" srcset=\"https:\/\/aydinip.com\/wp-content\/uploads\/2023\/09\/interlok-1024x1024-1.jpg 1024w, https:\/\/aydinip.com\/wp-content\/uploads\/2023\/09\/interlok-1024x1024-1-300x259.jpg 300w, https:\/\/aydinip.com\/wp-content\/uploads\/2023\/09\/interlok-1024x1024-1-768x663.jpg 768w, https:\/\/aydinip.com\/wp-content\/uploads\/2023\/09\/interlok-1024x1024-1-705x609.jpg 705w\" sizes=\"(max-width: 1024px) 100vw, 1024px\" \/><\/div><\/div><\/div><\/div><div class=\"flex_column av_one_half  flex_column_div av-zero-column-padding   avia-builder-el-24  el_after_av_one_half  avia-builder-el-last\" style='border-radius:0px; '><p><div  style='padding-bottom:10px; color:#0a0a0a;' class='av-special-heading av-special-heading-h3 custom-color-heading   avia-builder-el-25  el_before_av_textblock  avia-builder-el-first'><h3 class='av-special-heading-tag'  itemprop=\"headline\"  >\u0130nterlok Kuma\u015flar<\/h3><div class='special-heading-border'><div class='special-heading-inner-border' style='border-color:#0a0a0a'><\/div><\/div><\/div><br \/>\n<section class=\"av_textblock_section\"  itemscope=\"itemscope\" itemtype=\"https:\/\/schema.org\/CreativeWork\" ><div class='avia_textblock  av_inherit_color'  style='color:#0a0a0a; '  itemprop=\"text\" ><ul>\n<li>20\/1 Compact penye interlok \u2013\u00a0 20\/1 O.E interlok<\/li>\n<li>24\/1 Compact penye interlok \u2013\u00a0 24\/1 O.E interlok<\/li>\n<li>26\/1 Compact penye interlok \u2013\u00a0 26\/1 O.E interlok<\/li>\n<li>28\/1 Compact penye interlok \u2013\u00a0 28\/1 O.E interlok<\/li>\n<li>30\/1 Compact penye interlok \u2013\u00a0 30\/1 O.E interlok<\/li>\n<li>36\/1 Compact penye interlok<\/li>\n<li>40\/1 Compact penye interlok<\/li>\n<\/ul>\n<\/div><\/section><\/p><\/div>\n\n<\/div><\/div><\/div><!-- close content main div --><\/div><\/div><div id='av_section_6'  class='avia-section main_color avia-section-default avia-no-border-styling  avia-bg-style-scroll  avia-builder-el-27  el_after_av_section  el_before_av_section   container_wrap sidebar_right' style='background-color: #4594e8;  '  ><div class='container' ><div class='template-page content  av-content-small alpha units'><div class='post-entry post-entry-type-page post-entry-49'><div class='entry-content-wrapper clearfix'>\n<div class=\"flex_column av_one_half  flex_column_div av-zero-column-padding first  avia-builder-el-28  el_before_av_one_half  avia-builder-el-first\" style='border-radius:0px; '><div  class='avia-image-container  av-styling-circle    avia-builder-el-29  avia-builder-el-no-sibling  avia-align-center'  itemprop=\"image\" itemscope=\"itemscope\" itemtype=\"https:\/\/schema.org\/ImageObject\"  ><div class='avia-image-container-inner'><div class='avia-image-overlay-wrap'><img decoding=\"async\" class='wp-image-391 avia-img-lazy-loading-not-391 avia_image' src=\"https:\/\/aydinip.com\/wp-content\/uploads\/2023\/09\/lakost1.jpg\" alt='' title='lakost1' height=\"387\" width=\"564\"  itemprop=\"thumbnailUrl\" srcset=\"https:\/\/aydinip.com\/wp-content\/uploads\/2023\/09\/lakost1.jpg 564w, https:\/\/aydinip.com\/wp-content\/uploads\/2023\/09\/lakost1-300x206.jpg 300w\" sizes=\"(max-width: 564px) 100vw, 564px\" \/><\/div><\/div><\/div><\/div><div class=\"flex_column av_one_half  flex_column_div av-zero-column-padding   avia-builder-el-30  el_after_av_one_half  avia-builder-el-last\" style='border-radius:0px; '><p><div  style='padding-bottom:10px; color:#ffffff;' class='av-special-heading av-special-heading-h3 custom-color-heading   avia-builder-el-31  el_before_av_textblock  avia-builder-el-first'><h3 class='av-special-heading-tag'  itemprop=\"headline\"  >Lakost Pike Kuma\u015flar<\/h3><div class='special-heading-border'><div class='special-heading-inner-border' style='border-color:#ffffff'><\/div><\/div><\/div><br \/>\n<section class=\"av_textblock_section\"  itemscope=\"itemscope\" itemtype=\"https:\/\/schema.org\/CreativeWork\" ><div class='avia_textblock  av_inherit_color'  style='color:#ffffff; '  itemprop=\"text\" ><ul>\n<li>20\/1 Compact penye lakost \u2013\u00a0 20\/1\u00a0 O.E lakost<\/li>\n<li>24\/1 Compact penye lakost \u2013\u00a0 24\/1\u00a0 O.E lakost<\/li>\n<li>26\/1 Compact penye lakost \u2013\u00a0 26\/1\u00a0 O.E lakost<\/li>\n<li>28\/1 Compact penye lakost \u2013\u00a0\u00a0 28\/1 O.E lakost<\/li>\n<li>30\/1 Compact penye lakost \u2013\u00a0 30\/1\u00a0 O.E lakost<\/li>\n<li>36\/1 Compact penye lakost<\/li>\n<li>40\/1 Compact penye lakost<\/li>\n<\/ul>\n<\/div><\/section><\/p><\/div>\n\n<\/div><\/div><\/div><!-- close content main div --><\/div><\/div><div id='av_section_7'  class='avia-section main_color avia-section-default avia-no-border-styling  avia-bg-style-scroll  avia-builder-el-33  el_after_av_section  el_before_av_section   container_wrap sidebar_right' style='background-color: #ffffff;  '  ><div class='container' ><div class='template-page content  av-content-small alpha units'><div class='post-entry post-entry-type-page post-entry-49'><div class='entry-content-wrapper clearfix'>\n<div class=\"flex_column av_one_half  flex_column_div av-zero-column-padding first  avia-builder-el-34  el_before_av_one_half  avia-builder-el-first\" style='border-radius:0px; '><div  class='avia-image-container  av-styling-circle    avia-builder-el-35  avia-builder-el-no-sibling  avia-align-center'  itemprop=\"image\" itemscope=\"itemscope\" itemtype=\"https:\/\/schema.org\/ImageObject\"  ><div class='avia-image-container-inner'><div class='avia-image-overlay-wrap'><img decoding=\"async\" class='wp-image-395 avia-img-lazy-loading-not-395 avia_image' src=\"https:\/\/aydinip.com\/wp-content\/uploads\/2023\/10\/ribana.jpg\" alt='' title='ribana' height=\"845\" width=\"1080\"  itemprop=\"thumbnailUrl\" srcset=\"https:\/\/aydinip.com\/wp-content\/uploads\/2023\/10\/ribana.jpg 1080w, https:\/\/aydinip.com\/wp-content\/uploads\/2023\/10\/ribana-300x235.jpg 300w, https:\/\/aydinip.com\/wp-content\/uploads\/2023\/10\/ribana-1030x806.jpg 1030w, https:\/\/aydinip.com\/wp-content\/uploads\/2023\/10\/ribana-768x601.jpg 768w, https:\/\/aydinip.com\/wp-content\/uploads\/2023\/10\/ribana-705x552.jpg 705w\" sizes=\"(max-width: 1080px) 100vw, 1080px\" \/><\/div><\/div><\/div><\/div><div class=\"flex_column av_one_half  flex_column_div av-zero-column-padding   avia-builder-el-36  el_after_av_one_half  avia-builder-el-last\" style='border-radius:0px; '><p><div  style='padding-bottom:10px; color:#0a0a0a;' class='av-special-heading av-special-heading-h3 custom-color-heading   avia-builder-el-37  el_before_av_textblock  avia-builder-el-first'><h3 class='av-special-heading-tag'  itemprop=\"headline\"  > Ribana<\/h3><div class='special-heading-border'><div class='special-heading-inner-border' style='border-color:#0a0a0a'><\/div><\/div><\/div><br \/>\n<section class=\"av_textblock_section\"  itemscope=\"itemscope\" itemtype=\"https:\/\/schema.org\/CreativeWork\" ><div class='avia_textblock  av_inherit_color'  style='color:#0a0a0a; '  itemprop=\"text\" ><p><strong>Ribana Kuma\u015f Modelleri :<\/strong><\/p>\n<ul>\n<li>Open-end Ribana<\/li>\n<li>OE Likral\u0131 Ribana<\/li>\n<li>Penye Ribana<\/li>\n<li>Penye Likral\u0131 Ribana<\/li>\n<li>Karde Ribana<\/li>\n<li>Karde Likral\u0131 ribana<\/li>\n<\/ul>\n<\/div><\/section><\/p><\/div><\/div><\/div><\/div><!-- close content main div --><\/div><\/div><div id='av_section_8'  class='avia-section main_color avia-section-default avia-no-border-styling  avia-bg-style-scroll  avia-builder-el-39  el_after_av_section  avia-builder-el-last   container_wrap sidebar_right' style='background-color: #ffffff;  '  ><div class='container' ><div class='template-page content  av-content-small alpha units'><div class='post-entry post-entry-type-page post-entry-49'><div class='entry-content-wrapper clearfix'>\n<div class=\"flex_column av_one_fourth  flex_column_div av-zero-column-padding first  avia-builder-el-40  el_before_av_one_fourth  avia-builder-el-first\" style='border-radius:0px; '><section class=\"av_textblock_section\"  itemscope=\"itemscope\" itemtype=\"https:\/\/schema.org\/CreativeWork\" ><div class='avia_textblock'   itemprop=\"text\" ><h3><strong>MEN\u00dc<\/strong><\/h3>\n<\/div><\/section><br \/>\n<section class=\"av_textblock_section\"  itemscope=\"itemscope\" itemtype=\"https:\/\/schema.org\/CreativeWork\" ><div class='avia_textblock'   itemprop=\"text\" ><ul>\n<li><a href=\"https:\/\/aydinip.com\/en\/\">Ana Sayfa<\/a><\/li>\n<li><a href=\"https:\/\/aydinip.com\/en\/hakkimizda\/\">Hakk\u0131m\u0131zda<\/a><\/li>\n<li><a href=\"https:\/\/aydinip.com\/en\/faaliyet-alanlarimiz\/\">Markalar\u0131m\u0131z<\/a><\/li>\n<li><a href=\"https:\/\/aydinip.com\/en\/urunler\/\">\u00dcr\u00fcnler\u00a0<\/a><\/li>\n<li><a href=\"https:\/\/aydinip.com\/en\/iletisim\/\">\u0130leti\u015fim<\/a><\/li>\n<\/ul>\n<\/div><\/section><\/p><\/div><div class=\"flex_column av_one_fourth  flex_column_div av-zero-column-padding   avia-builder-el-43  el_after_av_one_fourth  el_before_av_one_fourth\" style='border-radius:0px; '><section class=\"av_textblock_section\"  itemscope=\"itemscope\" itemtype=\"https:\/\/schema.org\/CreativeWork\" ><div class='avia_textblock'   itemprop=\"text\" ><h3>H\u0130ZMETLER\u0130M\u0130Z<\/h3>\n<\/div><\/section><br \/>\n<section class=\"av_textblock_section\"  itemscope=\"itemscope\" itemtype=\"https:\/\/schema.org\/CreativeWork\" ><div class='avia_textblock'   itemprop=\"text\" ><ul>\n<li><a href=\"https:\/\/aydinip.com\/en\/iplik\/\">\u0130plik<\/a><\/li>\n<li><a href=\"https:\/\/aydinip.com\/en\/dantel\/\">Dantel<\/a><\/li>\n<li><a href=\"https:\/\/aydinip.com\/en\/tul\/\">T\u00fcl<\/a><\/li>\n<li><a href=\"https:\/\/aydinip.com\/en\/saten\/\">Saten<\/a><\/li>\n<li><a href=\"https:\/\/aydinip.com\/en\/tekstil-ic-giyim\/\">Tekstil-\u0130\u00e7 Giyim<\/a><\/li>\n<\/ul>\n<\/div><\/section><\/p><\/div><div class=\"flex_column av_one_fourth  flex_column_div av-zero-column-padding   avia-builder-el-46  el_after_av_one_fourth  el_before_av_one_fourth\" style='border-radius:0px; '><section class=\"av_textblock_section\"  itemscope=\"itemscope\" itemtype=\"https:\/\/schema.org\/CreativeWork\" ><div class='avia_textblock'   itemprop=\"text\" ><h3>\u0130LET\u0130\u015e\u0130M<\/h3>\n<\/div><\/section><br \/>\n<section class=\"av_textblock_section\"  itemscope=\"itemscope\" itemtype=\"https:\/\/schema.org\/CreativeWork\" ><div class='avia_textblock'   itemprop=\"text\" ><\/div><\/section><br \/>\n<section class=\"av_textblock_section\"  itemscope=\"itemscope\" itemtype=\"https:\/\/schema.org\/CreativeWork\" ><div class='avia_textblock'   itemprop=\"text\" ><h5><\/h5>\n<h5>Adres:<\/h5>\n<p>D\u00fcnya Ticaret Merkezi Ye\u015filk\u00f6y Mah. Atat\u00fcrk Cad. EGS Bloklar\u0131 No: 23<\/p>\n<p>BAKIRK\u00d6Y\/\u0130STANBUL<\/p>\n<h5>Telefon:<\/h5>\n<p>+90 506 788 62 00<\/p>\n<p>+90 212 973 48 58<\/p>\n<h5>E-Posta:<\/h5>\n<p>info@aydinip.com<\/p>\n<\/div><\/section><\/p><\/div><div class=\"flex_column av_one_fourth  flex_column_div av-zero-column-padding   avia-builder-el-50  el_after_av_one_fourth  avia-builder-el-last\" style='border-radius:0px; '><\/div>\n<\/div><\/div><\/div><!-- close content main div --><\/div><\/div><div id='after_section_8'  class='main_color av_default_container_wrap container_wrap sidebar_right' style=' '  ><div class='container' ><div class='template-page content  av-content-small alpha units'><div class='post-entry post-entry-type-page post-entry-49'><div class='entry-content-wrapper clearfix'><\/p>","protected":false},"excerpt":{"rendered":"","protected":false},"author":1,"featured_media":0,"parent":0,"menu_order":0,"comment_status":"closed","ping_status":"closed","template":"","meta":{"footnotes":""},"_links":{"self":[{"href":"https:\/\/aydinip.com\/en\/wp-json\/wp\/v2\/pages\/49"}],"collection":[{"href":"https:\/\/aydinip.com\/en\/wp-json\/wp\/v2\/pages"}],"about":[{"href":"https:\/\/aydinip.com\/en\/wp-json\/wp\/v2\/types\/page"}],"author":[{"embeddable":true,"href":"https:\/\/aydinip.com\/en\/wp-json\/wp\/v2\/users\/1"}],"replies":[{"embeddable":true,"href":"https:\/\/aydinip.com\/en\/wp-json\/wp\/v2\/comments?post=49"}],"version-history":[{"count":32,"href":"https:\/\/aydinip.com\/en\/wp-json\/wp\/v2\/pages\/49\/revisions"}],"predecessor-version":[{"id":421,"href":"https:\/\/aydinip.com\/en\/wp-json\/wp\/v2\/pages\/49\/revisions\/421"}],"wp:attachment":[{"href":"https:\/\/aydinip.com\/en\/wp-json\/wp\/v2\/media?parent=49"}],"curies":[{"name":"wp","href":"https:\/\/api.w.org\/{rel}","templated":true}]}}