{"id":20,"date":"2021-07-08T14:10:22","date_gmt":"2021-07-08T11:10:22","guid":{"rendered":"https:\/\/aydinip.com\/?page_id=20"},"modified":"2023-09-23T11:38:04","modified_gmt":"2023-09-23T08:38:04","slug":"urunler","status":"publish","type":"page","link":"https:\/\/aydinip.com\/en\/urunler\/","title":{"rendered":"\u00dcr\u00fcnler"},"content":{"rendered":"<div id='av_section_1'  class='avia-section main_color avia-section-default avia-no-border-styling  avia-bg-style-scroll  avia-builder-el-0  el_before_av_section  avia-builder-el-first   container_wrap sidebar_right' style=' '  ><div class='container' ><main  role=\"main\" itemprop=\"mainContentOfPage\"  class='template-page content  av-content-small alpha units'><div class='post-entry post-entry-type-page post-entry-20'><div class='entry-content-wrapper clearfix'>\n<div class=\"flex_column av_one_third  flex_column_div av-zero-column-padding first  avia-builder-el-1  el_before_av_one_third  avia-builder-el-first\" style='border-radius:0px; '><p><div  class='avia-image-container  av-styling-circle    avia-builder-el-2  el_before_av_textblock  avia-builder-el-first  avia-align-center'  itemprop=\"image\" itemscope=\"itemscope\" itemtype=\"https:\/\/schema.org\/ImageObject\"  ><div class='avia-image-container-inner'><div class='avia-image-overlay-wrap'><a href='https:\/\/aydinip.com\/en\/iplik\/' class='avia_image'  ><img decoding=\"async\" width=\"495\" height=\"350\" class='wp-image-134 avia-img-lazy-loading-not-134 avia_image' src=\"https:\/\/aydinip.com\/wp-content\/uploads\/2021\/07\/Adsiz-tasarim-29-495x350.png\" alt='' title='Ads\u0131z tasar\u0131m (29)'  itemprop=\"thumbnailUrl\" srcset=\"https:\/\/aydinip.com\/wp-content\/uploads\/2021\/07\/Adsiz-tasarim-29-495x350.png 495w, https:\/\/aydinip.com\/wp-content\/uploads\/2021\/07\/Adsiz-tasarim-29-260x185.png 260w\" sizes=\"(max-width: 495px) 100vw, 495px\" \/><\/a><\/div><\/div><\/div><br \/>\n<section class=\"av_textblock_section\"  itemscope=\"itemscope\" itemtype=\"https:\/\/schema.org\/CreativeWork\" ><div class='avia_textblock'   itemprop=\"text\" ><h2 style=\"text-align: center;\"><em>\u0130PL\u0130K<\/em><\/h2>\n<\/div><\/section><\/p><\/div><div class=\"flex_column av_one_third  flex_column_div av-zero-column-padding   avia-builder-el-4  el_after_av_one_third  el_before_av_one_third\" style='border-radius:0px; '><p><div  class='avia-image-container  av-styling-circle    avia-builder-el-5  el_before_av_textblock  avia-builder-el-first  avia-align-center'  itemprop=\"image\" itemscope=\"itemscope\" itemtype=\"https:\/\/schema.org\/ImageObject\"  ><div class='avia-image-container-inner'><div class='avia-image-overlay-wrap'><a href='https:\/\/aydinip.com\/en\/dantel\/' class='avia_image'  ><img decoding=\"async\" width=\"500\" height=\"350\" class='wp-image-137 avia-img-lazy-loading-not-137 avia_image' src=\"https:\/\/aydinip.com\/wp-content\/uploads\/2021\/07\/Adsiz-tasarim-30.png\" alt='' title='Ads\u0131z tasar\u0131m (30)'  itemprop=\"thumbnailUrl\" srcset=\"https:\/\/aydinip.com\/wp-content\/uploads\/2021\/07\/Adsiz-tasarim-30.png 500w, https:\/\/aydinip.com\/wp-content\/uploads\/2021\/07\/Adsiz-tasarim-30-300x210.png 300w\" sizes=\"(max-width: 500px) 100vw, 500px\" \/><\/a><\/div><\/div><\/div><br \/>\n<section class=\"av_textblock_section\"  itemscope=\"itemscope\" itemtype=\"https:\/\/schema.org\/CreativeWork\" ><div class='avia_textblock'   itemprop=\"text\" ><h2 style=\"text-align: center;\"><em>DANTEL<\/em><\/h2>\n<\/div><\/section><\/p><\/div><div class=\"flex_column av_one_third  flex_column_div av-zero-column-padding   avia-builder-el-7  el_after_av_one_third  avia-builder-el-last\" style='border-radius:0px; '><p><div  class='avia-image-container  av-styling-circle    avia-builder-el-8  el_before_av_textblock  avia-builder-el-first  avia-align-center'  itemprop=\"image\" itemscope=\"itemscope\" itemtype=\"https:\/\/schema.org\/ImageObject\"  ><div class='avia-image-container-inner'><div class='avia-image-overlay-wrap'><a href='https:\/\/aydinip.com\/en\/tul\/' class='avia_image'  ><img decoding=\"async\" width=\"500\" height=\"350\" class='wp-image-142 avia-img-lazy-loading-not-142 avia_image' src=\"https:\/\/aydinip.com\/wp-content\/uploads\/2021\/07\/Adsiz-tasarim-31.png\" alt='' title='Ads\u0131z tasar\u0131m (31)'  itemprop=\"thumbnailUrl\" srcset=\"https:\/\/aydinip.com\/wp-content\/uploads\/2021\/07\/Adsiz-tasarim-31.png 500w, https:\/\/aydinip.com\/wp-content\/uploads\/2021\/07\/Adsiz-tasarim-31-300x210.png 300w\" sizes=\"(max-width: 500px) 100vw, 500px\" \/><\/a><\/div><\/div><\/div><br \/>\n<section class=\"av_textblock_section\"  itemscope=\"itemscope\" itemtype=\"https:\/\/schema.org\/CreativeWork\" ><div class='avia_textblock'   itemprop=\"text\" ><h2 style=\"text-align: center;\"><em>T\u00dcL<\/em><\/h2>\n<\/div><\/section><\/p><\/div>\n\n<\/div><\/div><\/main><!-- close content main element --><\/div><\/div><div id='av_section_2'  class='avia-section main_color avia-section-default avia-no-border-styling  avia-bg-style-scroll  avia-builder-el-10  el_after_av_section  el_before_av_section   container_wrap sidebar_right' style=' '  ><div class='container' ><div class='template-page content  av-content-small alpha units'><div class='post-entry post-entry-type-page post-entry-20'><div class='entry-content-wrapper clearfix'>\n<div class=\"flex_column av_one_fifth  flex_column_div av-zero-column-padding first  avia-builder-el-11  el_before_av_one_third  avia-builder-el-first\" style='border-radius:0px; '><\/div><div class=\"flex_column av_one_third  flex_column_div av-zero-column-padding   avia-builder-el-12  el_after_av_one_fifth  el_before_av_one_third\" style='border-radius:0px; '><p><div  class='avia-image-container  av-styling-circle    avia-builder-el-13  el_before_av_textblock  avia-builder-el-first  avia-align-center'  itemprop=\"image\" itemscope=\"itemscope\" itemtype=\"https:\/\/schema.org\/ImageObject\"  ><div class='avia-image-container-inner'><div class='avia-image-overlay-wrap'><a href='https:\/\/aydinip.com\/en\/kumas\/' class='avia_image'  ><img decoding=\"async\" width=\"500\" height=\"350\" class='wp-image-148 avia-img-lazy-loading-not-148 avia_image' src=\"https:\/\/aydinip.com\/wp-content\/uploads\/2021\/07\/Adsiz-tasarim-32.png\" alt='' title='Ads\u0131z tasar\u0131m (32)'  itemprop=\"thumbnailUrl\" srcset=\"https:\/\/aydinip.com\/wp-content\/uploads\/2021\/07\/Adsiz-tasarim-32.png 500w, https:\/\/aydinip.com\/wp-content\/uploads\/2021\/07\/Adsiz-tasarim-32-300x210.png 300w\" sizes=\"(max-width: 500px) 100vw, 500px\" \/><\/a><\/div><\/div><\/div><br \/>\n<section class=\"av_textblock_section\"  itemscope=\"itemscope\" itemtype=\"https:\/\/schema.org\/CreativeWork\" ><div class='avia_textblock'   itemprop=\"text\" ><h2 style=\"text-align: center;\"><em>KUMA\u015e<\/em><\/h2>\n<\/div><\/section><\/p><\/div><div class=\"flex_column av_one_third  flex_column_div av-zero-column-padding   avia-builder-el-15  el_after_av_one_third  avia-builder-el-last\" style='border-radius:0px; '><p><div  class='avia-image-container  av-styling-circle    avia-builder-el-16  el_before_av_textblock  avia-builder-el-first  avia-align-center'  itemprop=\"image\" itemscope=\"itemscope\" itemtype=\"https:\/\/schema.org\/ImageObject\"  ><div class='avia-image-container-inner'><div class='avia-image-overlay-wrap'><a href='https:\/\/aydinip.com\/en\/tekstil-ic-giyim\/' class='avia_image'  ><img decoding=\"async\" width=\"500\" height=\"350\" class='wp-image-151 avia-img-lazy-loading-not-151 avia_image' src=\"https:\/\/aydinip.com\/wp-content\/uploads\/2021\/07\/Adsiz-tasarim-33.png\" alt='' title='Ads\u0131z tasar\u0131m (33)'  itemprop=\"thumbnailUrl\" srcset=\"https:\/\/aydinip.com\/wp-content\/uploads\/2021\/07\/Adsiz-tasarim-33.png 500w, https:\/\/aydinip.com\/wp-content\/uploads\/2021\/07\/Adsiz-tasarim-33-300x210.png 300w\" sizes=\"(max-width: 500px) 100vw, 500px\" \/><\/a><\/div><\/div><\/div><br \/>\n<section class=\"av_textblock_section\"  itemscope=\"itemscope\" itemtype=\"https:\/\/schema.org\/CreativeWork\" ><div class='avia_textblock'   itemprop=\"text\" ><h2 style=\"text-align: center;\"><em>TEKST\u0130L-\u0130\u00c7 G\u0130Y\u0130M<\/em><\/h2>\n<\/div><\/section><\/p><\/div><\/div><\/div><\/div><!-- close content main div --><\/div><\/div><div id='av_section_3'  class='avia-section main_color avia-section-default avia-no-border-styling  avia-bg-style-scroll  avia-builder-el-18  el_after_av_section  avia-builder-el-last   container_wrap sidebar_right' style='background-color: #ffffff;  '  ><div class='container' ><div class='template-page content  av-content-small alpha units'><div class='post-entry post-entry-type-page post-entry-20'><div class='entry-content-wrapper clearfix'>\n<div class=\"flex_column av_one_fourth  flex_column_div av-zero-column-padding first  avia-builder-el-19  el_before_av_one_fourth  avia-builder-el-first\" style='border-radius:0px; '><section class=\"av_textblock_section\"  itemscope=\"itemscope\" itemtype=\"https:\/\/schema.org\/CreativeWork\" ><div class='avia_textblock'   itemprop=\"text\" ><h3><strong>MEN\u00dc<\/strong><\/h3>\n<\/div><\/section><br \/>\n<section class=\"av_textblock_section\"  itemscope=\"itemscope\" itemtype=\"https:\/\/schema.org\/CreativeWork\" ><div class='avia_textblock'   itemprop=\"text\" ><ul>\n<li><a href=\"https:\/\/aydinip.com\/en\/\">Ana Sayfa<\/a><\/li>\n<li><a href=\"https:\/\/aydinip.com\/en\/hakkimizda\/\">Hakk\u0131m\u0131zda<\/a><\/li>\n<li><a href=\"https:\/\/aydinip.com\/en\/faaliyet-alanlarimiz\/\">Markalar\u0131m\u0131z<\/a><\/li>\n<li><a href=\"https:\/\/aydinip.com\/en\/urunler\/\">\u00dcr\u00fcnler\u00a0<\/a><\/li>\n<li><a href=\"https:\/\/aydinip.com\/en\/iletisim\/\">\u0130leti\u015fim<\/a><\/li>\n<\/ul>\n<\/div><\/section><\/p><\/div><div class=\"flex_column av_one_fourth  flex_column_div av-zero-column-padding   avia-builder-el-22  el_after_av_one_fourth  el_before_av_one_fourth\" style='border-radius:0px; '><section class=\"av_textblock_section\"  itemscope=\"itemscope\" itemtype=\"https:\/\/schema.org\/CreativeWork\" ><div class='avia_textblock'   itemprop=\"text\" ><h3>H\u0130ZMETLER\u0130M\u0130Z<\/h3>\n<\/div><\/section><br \/>\n<section class=\"av_textblock_section\"  itemscope=\"itemscope\" itemtype=\"https:\/\/schema.org\/CreativeWork\" ><div class='avia_textblock'   itemprop=\"text\" ><ul>\n<li><a href=\"https:\/\/aydinip.com\/en\/iplik\/\">\u0130plik<\/a><\/li>\n<li><a href=\"https:\/\/aydinip.com\/en\/dantel\/\">Dantel<\/a><\/li>\n<li><a href=\"https:\/\/aydinip.com\/en\/tul\/\">T\u00fcl<\/a><\/li>\n<li><a href=\"https:\/\/aydinip.com\/en\/saten\/\">Saten<\/a><\/li>\n<li><a href=\"https:\/\/aydinip.com\/en\/tekstil-ic-giyim\/\">Tekstil-\u0130\u00e7 Giyim<\/a><\/li>\n<\/ul>\n<\/div><\/section><\/p><\/div><div class=\"flex_column av_one_fourth  flex_column_div av-zero-column-padding   avia-builder-el-25  el_after_av_one_fourth  el_before_av_one_fourth\" style='border-radius:0px; '><section class=\"av_textblock_section\"  itemscope=\"itemscope\" itemtype=\"https:\/\/schema.org\/CreativeWork\" ><div class='avia_textblock'   itemprop=\"text\" ><h3>\u0130LET\u0130\u015e\u0130M<\/h3>\n<\/div><\/section><br \/>\n<section class=\"av_textblock_section\"  itemscope=\"itemscope\" itemtype=\"https:\/\/schema.org\/CreativeWork\" ><div class='avia_textblock'   itemprop=\"text\" ><\/div><\/section><br \/>\n<section class=\"av_textblock_section\"  itemscope=\"itemscope\" itemtype=\"https:\/\/schema.org\/CreativeWork\" ><div class='avia_textblock'   itemprop=\"text\" ><h5><\/h5>\n<h5>Adres:<\/h5>\n<p>D\u00fcnya Ticaret Merkezi Ye\u015filk\u00f6y Mah. Atat\u00fcrk Cad. EGS Bloklar\u0131 No: 23<\/p>\n<p>BAKIRK\u00d6Y\/\u0130STANBUL<\/p>\n<h5>Telefon:<\/h5>\n<p>+90 506 788 62 00<\/p>\n<p>+90 212 973 48 58<\/p>\n<h5>E-Posta:<\/h5>\n<p>info@aydinip.com<\/p>\n<\/div><\/section><\/p><\/div><div class=\"flex_column av_one_fourth  flex_column_div av-zero-column-padding   avia-builder-el-29  el_after_av_one_fourth  avia-builder-el-last\" style='border-radius:0px; '><\/div>\n<\/div><\/div><\/div><!-- close content main div --><\/div><\/div><div id='after_section_3'  class='main_color av_default_container_wrap container_wrap sidebar_right' style=' '  ><div class='container' ><div class='template-page content  av-content-small alpha units'><div class='post-entry post-entry-type-page post-entry-20'><div class='entry-content-wrapper clearfix'><\/p>","protected":false},"excerpt":{"rendered":"","protected":false},"author":1,"featured_media":0,"parent":0,"menu_order":0,"comment_status":"closed","ping_status":"closed","template":"","meta":{"footnotes":""},"_links":{"self":[{"href":"https:\/\/aydinip.com\/en\/wp-json\/wp\/v2\/pages\/20"}],"collection":[{"href":"https:\/\/aydinip.com\/en\/wp-json\/wp\/v2\/pages"}],"about":[{"href":"https:\/\/aydinip.com\/en\/wp-json\/wp\/v2\/types\/page"}],"author":[{"embeddable":true,"href":"https:\/\/aydinip.com\/en\/wp-json\/wp\/v2\/users\/1"}],"replies":[{"embeddable":true,"href":"https:\/\/aydinip.com\/en\/wp-json\/wp\/v2\/comments?post=20"}],"version-history":[{"count":7,"href":"https:\/\/aydinip.com\/en\/wp-json\/wp\/v2\/pages\/20\/revisions"}],"predecessor-version":[{"id":346,"href":"https:\/\/aydinip.com\/en\/wp-json\/wp\/v2\/pages\/20\/revisions\/346"}],"wp:attachment":[{"href":"https:\/\/aydinip.com\/en\/wp-json\/wp\/v2\/media?parent=20"}],"curies":[{"name":"wp","href":"https:\/\/api.w.org\/{rel}","templated":true}]}}