{"id":18,"date":"2021-07-08T14:09:47","date_gmt":"2021-07-08T11:09:47","guid":{"rendered":"https:\/\/aydinip.com\/?page_id=18"},"modified":"2023-09-26T10:23:40","modified_gmt":"2023-09-26T07:23:40","slug":"faaliyet-alanlarimiz","status":"publish","type":"page","link":"https:\/\/aydinip.com\/en\/faaliyet-alanlarimiz\/","title":{"rendered":"Markalar\u0131m\u0131z"},"content":{"rendered":"<div id='av_section_1'  class='avia-section main_color avia-section-default avia-no-border-styling  avia-bg-style-scroll  avia-builder-el-0  el_before_av_section  avia-builder-el-first   container_wrap sidebar_right' style=' '  ><div class='container' ><main  role=\"main\" itemprop=\"mainContentOfPage\"  class='template-page content  av-content-small alpha units'><div class='post-entry post-entry-type-page post-entry-18'><div class='entry-content-wrapper clearfix'>\n<div class=\"flex_column av_one_half  flex_column_div av-zero-column-padding first  avia-builder-el-1  el_before_av_one_half  avia-builder-el-first\" style='border-radius:0px; '><p><div  style='padding-bottom:10px; ' class='av-special-heading av-special-heading-h2    avia-builder-el-2  el_before_av_textblock  avia-builder-el-first'><h2 class='av-special-heading-tag'  itemprop=\"headline\"  >Ayd\u0131nip<\/h2><div class='special-heading-border'><div class='special-heading-inner-border' ><\/div><\/div><\/div><br \/>\n<section class=\"av_textblock_section\"  itemscope=\"itemscope\" itemtype=\"https:\/\/schema.org\/CreativeWork\" ><div class='avia_textblock  av_inherit_color'  style='font-size:16px; color:#000000; '  itemprop=\"text\" ><p>Ayd\u0131n \u0130plik, i\u015fletmelerin gereksinim duydu\u011fu t\u00fcm iplik ve tekstil malzemelerini en uygun ko\u015fullarla sa\u011flamaktad\u0131r. Ayd\u0131n \u0130p \u015firketinde spandex, naylon polyester, viskon bambu ipliklerini ve dantel \u00e7e\u015fitlerinin ithalat\u0131n\u0131 ger\u00e7ekle\u015ftirerek T\u00fcrkiye pazar\u0131n\u0131 ve ihracat\u0131n\u0131 yapmaktay\u0131z. \u015eirketimiz b\u00fcnyesinde ayd\u0131nip, orovita , ayfil ve orofil markalar\u0131 ile iplik spandex dantel ve i\u00e7 giyim sekt\u00f6rlerinde faaliyet g\u00f6stermektedir.<\/p>\n<\/div><\/section><\/p><\/div><div class=\"flex_column av_one_half  flex_column_div av-zero-column-padding   avia-builder-el-4  el_after_av_one_half  avia-builder-el-last\" style='border-radius:0px; '><div  class='avia-image-container  av-styling-    avia-builder-el-5  avia-builder-el-no-sibling  avia-align-center'  itemprop=\"image\" itemscope=\"itemscope\" itemtype=\"https:\/\/schema.org\/ImageObject\"  ><div class='avia-image-container-inner'><div class='avia-image-overlay-wrap'><img decoding=\"async\" class='wp-image-215 avia-img-lazy-loading-not-215 avia_image' src=\"https:\/\/aydinip.com\/wp-content\/uploads\/2021\/08\/Adsiz-tasarim-41-1-300x300.png\" alt='' title='Ads\u0131z tasar\u0131m (41)' height=\"300\" width=\"300\"  itemprop=\"thumbnailUrl\" srcset=\"https:\/\/aydinip.com\/wp-content\/uploads\/2021\/08\/Adsiz-tasarim-41-1-300x300.png 300w, https:\/\/aydinip.com\/wp-content\/uploads\/2021\/08\/Adsiz-tasarim-41-1-80x80.png 80w, https:\/\/aydinip.com\/wp-content\/uploads\/2021\/08\/Adsiz-tasarim-41-1-36x36.png 36w, https:\/\/aydinip.com\/wp-content\/uploads\/2021\/08\/Adsiz-tasarim-41-1-180x180.png 180w, https:\/\/aydinip.com\/wp-content\/uploads\/2021\/08\/Adsiz-tasarim-41-1.png 500w\" sizes=\"(max-width: 300px) 100vw, 300px\" \/><\/div><\/div><\/div><\/div>\n\n<\/div><\/div><\/main><!-- close content main element --><\/div><\/div><div id='av_section_2'  class='avia-section main_color avia-section-default avia-no-border-styling  avia-bg-style-scroll  avia-builder-el-6  el_after_av_section  el_before_av_section   container_wrap sidebar_right' style='background-color: #11abd6;  '  ><div class='container' ><div class='template-page content  av-content-small alpha units'><div class='post-entry post-entry-type-page post-entry-18'><div class='entry-content-wrapper clearfix'>\n<div class=\"flex_column av_one_half  flex_column_div av-zero-column-padding first  avia-builder-el-7  el_before_av_one_half  avia-builder-el-first\" style='border-radius:0px; '><div  class='avia-image-container  av-styling-    avia-builder-el-8  avia-builder-el-no-sibling  avia-align-center'  itemprop=\"image\" itemscope=\"itemscope\" itemtype=\"https:\/\/schema.org\/ImageObject\"  ><div class='avia-image-container-inner'><div class='avia-image-overlay-wrap'><img decoding=\"async\" class='wp-image-217 avia-img-lazy-loading-not-217 avia_image' src=\"https:\/\/aydinip.com\/wp-content\/uploads\/2021\/08\/orovita_logo-01-removebg-300x280.png\" alt='' title='orovita_logo-01-removebg' height=\"280\" width=\"300\"  itemprop=\"thumbnailUrl\" srcset=\"https:\/\/aydinip.com\/wp-content\/uploads\/2021\/08\/orovita_logo-01-removebg-300x280.png 300w, https:\/\/aydinip.com\/wp-content\/uploads\/2021\/08\/orovita_logo-01-removebg-1030x963.png 1030w, https:\/\/aydinip.com\/wp-content\/uploads\/2021\/08\/orovita_logo-01-removebg-768x718.png 768w, https:\/\/aydinip.com\/wp-content\/uploads\/2021\/08\/orovita_logo-01-removebg-705x659.png 705w, https:\/\/aydinip.com\/wp-content\/uploads\/2021\/08\/orovita_logo-01-removebg.png 1183w\" sizes=\"(max-width: 300px) 100vw, 300px\" \/><\/div><\/div><\/div><\/div><div class=\"flex_column av_one_half  flex_column_div av-zero-column-padding   avia-builder-el-9  el_after_av_one_half  avia-builder-el-last\" style='border-radius:0px; '><p><div  style='padding-bottom:10px; color:#ffffff;' class='av-special-heading av-special-heading-h2 custom-color-heading   avia-builder-el-10  el_before_av_textblock  avia-builder-el-first'><h2 class='av-special-heading-tag'  itemprop=\"headline\"  >Orovita<\/h2><div class='special-heading-border'><div class='special-heading-inner-border' style='border-color:#ffffff'><\/div><\/div><\/div><br \/>\n<section class=\"av_textblock_section\"  itemscope=\"itemscope\" itemtype=\"https:\/\/schema.org\/CreativeWork\" ><div class='avia_textblock  av_inherit_color'  style='font-size:16px; color:#ffffff; '  itemprop=\"text\" ><p>Orovita \u015firketimiz 2016 y\u0131l\u0131nda faaliyetlerine ba\u015flam\u0131\u015ft\u0131r. Orovita, tekstil aksesuar ve hammaddeleri i\u015fiyle profesyonel olarak u\u011frasan ve uzman kadrosuyla ile birlikte i\u00e7 giyim imalat\u0131 yapan bir firmam\u0131zd\u0131r. \u0130\u015ftigal etti\u011fi \u00fcr\u00fcnlerin ithalat\u0131n\u0131 ihracat\u0131n\u0131 ve imalat\u0131n\u0131 yapmaktad\u0131r.<\/p>\n<\/div><\/section><\/p><\/div>\n\n<\/div><\/div><\/div><!-- close content main div --><\/div><\/div><div id='av_section_3'  class='avia-section main_color avia-section-default avia-no-border-styling  avia-bg-style-scroll  avia-builder-el-12  el_after_av_section  el_before_av_section   container_wrap sidebar_right' style='background-color: #ffffff;  '  ><div class='container' ><div class='template-page content  av-content-small alpha units'><div class='post-entry post-entry-type-page post-entry-18'><div class='entry-content-wrapper clearfix'>\n<div class=\"flex_column av_one_half  flex_column_div av-zero-column-padding first  avia-builder-el-13  el_before_av_one_half  avia-builder-el-first\" style='border-radius:0px; '><p><div  style='padding-bottom:10px; color:#0a0a0a;' class='av-special-heading av-special-heading-h2 custom-color-heading   avia-builder-el-14  el_before_av_textblock  avia-builder-el-first'><h2 class='av-special-heading-tag'  itemprop=\"headline\"  >Ayfil<\/h2><div class='special-heading-border'><div class='special-heading-inner-border' style='border-color:#0a0a0a'><\/div><\/div><\/div><br \/>\n<section class=\"av_textblock_section\"  itemscope=\"itemscope\" itemtype=\"https:\/\/schema.org\/CreativeWork\" ><div class='avia_textblock  av_inherit_color'  style='font-size:16px; color:#0a0a0a; '  itemprop=\"text\" ><p>Ayfil 2009 y\u0131l\u0131nda faaliyetlerine ba\u015flam\u0131\u015ft\u0131r. Ayfil, Ayd\u0131nip&#8217;in \u00e7at\u0131s\u0131 alt\u0131ndaki bir markad\u0131r. Faaliyet alan\u0131 ise erkek boxer ve i\u00e7 giyim imalat\u0131n\u0131 yap\u0131p T\u00fcrkiye pazar\u0131na sat\u0131\u015f\u0131n\u0131 ve di\u011fer \u00fclkelere ihracat\u0131n\u0131 sa\u011flamaktad\u0131r.<\/p>\n<\/div><\/section><\/p><\/div><div class=\"flex_column av_one_half  flex_column_div av-zero-column-padding   avia-builder-el-16  el_after_av_one_half  avia-builder-el-last\" style='border-radius:0px; '><div  class='avia-image-container  av-styling-    avia-builder-el-17  avia-builder-el-no-sibling  avia-align-center'  itemprop=\"image\" itemscope=\"itemscope\" itemtype=\"https:\/\/schema.org\/ImageObject\"  ><div class='avia-image-container-inner'><div class='avia-image-overlay-wrap'><img decoding=\"async\" class='wp-image-351 avia-img-lazy-loading-not-351 avia_image' src=\"https:\/\/aydinip.com\/wp-content\/uploads\/2023\/09\/AYFIL-LOO.pdf-142.5-x-24.9-mm-depositphotos-bgremover.png\" alt='' title='AYF\u0130L LOO.pdf (142.5 x 24.9 mm)-depositphotos-bgremover' height=\"294\" width=\"1683\"  itemprop=\"thumbnailUrl\" srcset=\"https:\/\/aydinip.com\/wp-content\/uploads\/2023\/09\/AYFIL-LOO.pdf-142.5-x-24.9-mm-depositphotos-bgremover.png 1683w, https:\/\/aydinip.com\/wp-content\/uploads\/2023\/09\/AYFIL-LOO.pdf-142.5-x-24.9-mm-depositphotos-bgremover-300x52.png 300w, https:\/\/aydinip.com\/wp-content\/uploads\/2023\/09\/AYFIL-LOO.pdf-142.5-x-24.9-mm-depositphotos-bgremover-1030x180.png 1030w, https:\/\/aydinip.com\/wp-content\/uploads\/2023\/09\/AYFIL-LOO.pdf-142.5-x-24.9-mm-depositphotos-bgremover-768x134.png 768w, https:\/\/aydinip.com\/wp-content\/uploads\/2023\/09\/AYFIL-LOO.pdf-142.5-x-24.9-mm-depositphotos-bgremover-1536x268.png 1536w, https:\/\/aydinip.com\/wp-content\/uploads\/2023\/09\/AYFIL-LOO.pdf-142.5-x-24.9-mm-depositphotos-bgremover-1500x262.png 1500w, https:\/\/aydinip.com\/wp-content\/uploads\/2023\/09\/AYFIL-LOO.pdf-142.5-x-24.9-mm-depositphotos-bgremover-705x123.png 705w\" sizes=\"(max-width: 1683px) 100vw, 1683px\" \/><\/div><\/div><\/div><\/div><\/div><\/div><\/div><!-- close content main div --><\/div><\/div><div id='av_section_4'  class='avia-section main_color avia-section-default avia-no-border-styling  avia-bg-style-scroll  avia-builder-el-18  el_after_av_section  el_before_av_section   container_wrap sidebar_right' style='background-color: #11abd6;  '  ><div class='container' ><div class='template-page content  av-content-small alpha units'><div class='post-entry post-entry-type-page post-entry-18'><div class='entry-content-wrapper clearfix'>\n<div class=\"flex_column av_one_half  flex_column_div av-zero-column-padding first  avia-builder-el-19  el_before_av_one_half  avia-builder-el-first\" style='border-radius:0px; '><div  class='avia-image-container  av-styling-    avia-builder-el-20  avia-builder-el-no-sibling  avia-align-center'  itemprop=\"image\" itemscope=\"itemscope\" itemtype=\"https:\/\/schema.org\/ImageObject\"  ><div class='avia-image-container-inner'><div class='avia-image-overlay-wrap'><img decoding=\"async\" class='wp-image-0 avia-img-lazy-loading-not-0 avia_image' src=\"https:\/\/aydinip.com\/wp-content\/themes\/enfold\/config-templatebuilder\/avia-template-builder\/images\/placeholder.jpg\" alt='' title=''   itemprop=\"thumbnailUrl\"  \/><\/div><\/div><\/div><\/div><div class=\"flex_column av_one_half  flex_column_div av-zero-column-padding   avia-builder-el-21  el_after_av_one_half  avia-builder-el-last\" style='border-radius:0px; '><p><div  style='padding-bottom:10px; color:#ffffff;' class='av-special-heading av-special-heading-h2 custom-color-heading   avia-builder-el-22  el_before_av_textblock  avia-builder-el-first'><h2 class='av-special-heading-tag'  itemprop=\"headline\"  >Orofil<\/h2><div class='special-heading-border'><div class='special-heading-inner-border' style='border-color:#ffffff'><\/div><\/div><\/div><br \/>\n<section class=\"av_textblock_section\"  itemscope=\"itemscope\" itemtype=\"https:\/\/schema.org\/CreativeWork\" ><div class='avia_textblock'   itemprop=\"text\" ><p>Kendi metninizi eklemek i\u00e7in buraya t\u0131klay\u0131n\u0131z<\/p>\n<\/div><\/section><\/p><\/div>\n<\/p>\n<\/div><\/div><\/div><!-- close content main div --><\/div><\/div><div id='av_section_5'  class='avia-section main_color avia-section-default avia-no-border-styling  avia-bg-style-scroll  avia-builder-el-24  el_after_av_section  avia-builder-el-last   container_wrap sidebar_right' style='background-color: #ffffff;  '  ><div class='container' ><div class='template-page content  av-content-small alpha units'><div class='post-entry post-entry-type-page post-entry-18'><div class='entry-content-wrapper clearfix'>\n<div class=\"flex_column av_one_fourth  flex_column_div av-zero-column-padding first  avia-builder-el-25  el_before_av_one_fourth  avia-builder-el-first\" style='border-radius:0px; '><section class=\"av_textblock_section\"  itemscope=\"itemscope\" itemtype=\"https:\/\/schema.org\/CreativeWork\" ><div class='avia_textblock'   itemprop=\"text\" ><h3><strong>MEN\u00dc<\/strong><\/h3>\n<\/div><\/section><br \/>\n<section class=\"av_textblock_section\"  itemscope=\"itemscope\" itemtype=\"https:\/\/schema.org\/CreativeWork\" ><div class='avia_textblock'   itemprop=\"text\" ><ul>\n<li><a href=\"https:\/\/aydinip.com\/en\/\">Ana Sayfa<\/a><\/li>\n<li><a href=\"https:\/\/aydinip.com\/en\/hakkimizda\/\">Hakk\u0131m\u0131zda<\/a><\/li>\n<li><a href=\"https:\/\/aydinip.com\/en\/faaliyet-alanlarimiz\/\">Markalar\u0131m\u0131z<\/a><\/li>\n<li><a href=\"https:\/\/aydinip.com\/en\/urunler\/\">\u00dcr\u00fcnler\u00a0<\/a><\/li>\n<li><a href=\"https:\/\/aydinip.com\/en\/iletisim\/\">\u0130leti\u015fim<\/a><\/li>\n<\/ul>\n<\/div><\/section><\/p><\/div><div class=\"flex_column av_one_fourth  flex_column_div av-zero-column-padding   avia-builder-el-28  el_after_av_one_fourth  el_before_av_one_fourth\" style='border-radius:0px; '><section class=\"av_textblock_section\"  itemscope=\"itemscope\" itemtype=\"https:\/\/schema.org\/CreativeWork\" ><div class='avia_textblock'   itemprop=\"text\" ><h3>H\u0130ZMETLER\u0130M\u0130Z<\/h3>\n<\/div><\/section><br \/>\n<section class=\"av_textblock_section\"  itemscope=\"itemscope\" itemtype=\"https:\/\/schema.org\/CreativeWork\" ><div class='avia_textblock'   itemprop=\"text\" ><ul>\n<li><a href=\"https:\/\/aydinip.com\/en\/iplik\/\">\u0130plik<\/a><\/li>\n<li><a href=\"https:\/\/aydinip.com\/en\/dantel\/\">Dantel<\/a><\/li>\n<li><a href=\"https:\/\/aydinip.com\/en\/tul\/\">T\u00fcl<\/a><\/li>\n<li><a href=\"https:\/\/aydinip.com\/en\/saten\/\">Saten<\/a><\/li>\n<li><a href=\"https:\/\/aydinip.com\/en\/tekstil-ic-giyim\/\">Tekstil-\u0130\u00e7 Giyim<\/a><\/li>\n<\/ul>\n<\/div><\/section><\/p><\/div><div class=\"flex_column av_one_fourth  flex_column_div av-zero-column-padding   avia-builder-el-31  el_after_av_one_fourth  el_before_av_one_fourth\" style='border-radius:0px; '><section class=\"av_textblock_section\"  itemscope=\"itemscope\" itemtype=\"https:\/\/schema.org\/CreativeWork\" ><div class='avia_textblock'   itemprop=\"text\" ><h3>\u0130LET\u0130\u015e\u0130M<\/h3>\n<\/div><\/section><br \/>\n<section class=\"av_textblock_section\"  itemscope=\"itemscope\" itemtype=\"https:\/\/schema.org\/CreativeWork\" ><div class='avia_textblock'   itemprop=\"text\" ><\/div><\/section><br \/>\n<section class=\"av_textblock_section\"  itemscope=\"itemscope\" itemtype=\"https:\/\/schema.org\/CreativeWork\" ><div class='avia_textblock'   itemprop=\"text\" ><h5><\/h5>\n<h5>Adres:<\/h5>\n<p>D\u00fcnya Ticaret Merkezi Ye\u015filk\u00f6y Mah. Atat\u00fcrk Cad. EGS Bloklar\u0131 No: 23<\/p>\n<p>BAKIRK\u00d6Y\/\u0130STANBUL<\/p>\n<h5>Telefon:<\/h5>\n<p>+90 506 788 62 00<\/p>\n<p>+90 212 973 48 58<\/p>\n<h5>E-Posta:<\/h5>\n<p>info@aydinip.com<\/p>\n<\/div><\/section><\/p><\/div><div class=\"flex_column av_one_fourth  flex_column_div av-zero-column-padding   avia-builder-el-35  el_after_av_one_fourth  avia-builder-el-last\" style='border-radius:0px; '><\/div>\n<\/div><\/div><\/div><!-- close content main div --><\/div><\/div><div id='after_section_5'  class='main_color av_default_container_wrap container_wrap sidebar_right' style=' '  ><div class='container' ><div class='template-page content  av-content-small alpha units'><div class='post-entry post-entry-type-page post-entry-18'><div class='entry-content-wrapper clearfix'>","protected":false},"excerpt":{"rendered":"","protected":false},"author":1,"featured_media":0,"parent":0,"menu_order":0,"comment_status":"closed","ping_status":"closed","template":"","meta":{"footnotes":""},"_links":{"self":[{"href":"https:\/\/aydinip.com\/en\/wp-json\/wp\/v2\/pages\/18"}],"collection":[{"href":"https:\/\/aydinip.com\/en\/wp-json\/wp\/v2\/pages"}],"about":[{"href":"https:\/\/aydinip.com\/en\/wp-json\/wp\/v2\/types\/page"}],"author":[{"embeddable":true,"href":"https:\/\/aydinip.com\/en\/wp-json\/wp\/v2\/users\/1"}],"replies":[{"embeddable":true,"href":"https:\/\/aydinip.com\/en\/wp-json\/wp\/v2\/comments?post=18"}],"version-history":[{"count":22,"href":"https:\/\/aydinip.com\/en\/wp-json\/wp\/v2\/pages\/18\/revisions"}],"predecessor-version":[{"id":364,"href":"https:\/\/aydinip.com\/en\/wp-json\/wp\/v2\/pages\/18\/revisions\/364"}],"wp:attachment":[{"href":"https:\/\/aydinip.com\/en\/wp-json\/wp\/v2\/media?parent=18"}],"curies":[{"name":"wp","href":"https:\/\/api.w.org\/{rel}","templated":true}]}}