{"id":16,"date":"2021-07-08T14:06:17","date_gmt":"2021-07-08T11:06:17","guid":{"rendered":"https:\/\/aydinip.com\/?page_id=16"},"modified":"2023-09-26T10:23:15","modified_gmt":"2023-09-26T07:23:15","slug":"hakkimizda","status":"publish","type":"page","link":"https:\/\/aydinip.com\/en\/hakkimizda\/","title":{"rendered":"Hakk\u0131m\u0131zda"},"content":{"rendered":"<div class=\"flex_column av_one_full  flex_column_div av-zero-column-padding first  avia-builder-el-0  el_before_av_one_full  avia-builder-el-first\" style='border-radius:0px; '><\/div>\n<div class=\"flex_column av_one_full  flex_column_div av-zero-column-padding first  avia-builder-el-1  el_after_av_one_full  el_before_av_one_half  column-top-margin\" style='border-radius:0px; '><div  style='padding-bottom:10px; ' class='av-special-heading av-special-heading-h2  blockquote classic-quote  avia-builder-el-2  avia-builder-el-no-sibling'><h2 class='av-special-heading-tag'  itemprop=\"headline\"  >HAKKIMIZDA<\/h2><div class='special-heading-border'><div class='special-heading-inner-border' ><\/div><\/div><\/div><\/div>\n<div class=\"flex_column av_one_half  flex_column_div av-zero-column-padding first  avia-builder-el-3  el_after_av_one_full  el_before_av_one_half  column-top-margin\" style='border-radius:0px; '><div  class='avia-image-container  av-styling-    avia-builder-el-4  avia-builder-el-no-sibling  avia-align-center'  itemprop=\"image\" itemscope=\"itemscope\" itemtype=\"https:\/\/schema.org\/ImageObject\"  ><div class='avia-image-container-inner'><div class='avia-image-overlay-wrap'><img decoding=\"async\" class='wp-image-215 avia-img-lazy-loading-not-215 avia_image' src=\"https:\/\/aydinip.com\/wp-content\/uploads\/2021\/08\/Adsiz-tasarim-41-1.png\" alt='' title='Ads\u0131z tasar\u0131m (41)' height=\"500\" width=\"500\"  itemprop=\"thumbnailUrl\" srcset=\"https:\/\/aydinip.com\/wp-content\/uploads\/2021\/08\/Adsiz-tasarim-41-1.png 500w, https:\/\/aydinip.com\/wp-content\/uploads\/2021\/08\/Adsiz-tasarim-41-1-300x300.png 300w, https:\/\/aydinip.com\/wp-content\/uploads\/2021\/08\/Adsiz-tasarim-41-1-80x80.png 80w, https:\/\/aydinip.com\/wp-content\/uploads\/2021\/08\/Adsiz-tasarim-41-1-36x36.png 36w, https:\/\/aydinip.com\/wp-content\/uploads\/2021\/08\/Adsiz-tasarim-41-1-180x180.png 180w\" sizes=\"(max-width: 500px) 100vw, 500px\" \/><\/div><\/div><\/div><\/div>\n<div class=\"flex_column av_one_half  flex_column_div av-zero-column-padding   avia-builder-el-5  el_after_av_one_half  el_before_av_one_half  column-top-margin\" style='border-radius:0px; '><section class=\"av_textblock_section\"  itemscope=\"itemscope\" itemtype=\"https:\/\/schema.org\/CreativeWork\" ><div class='avia_textblock'  style='font-size:20px; '  itemprop=\"text\" ><p>Ayd\u0131n \u0130plik kuruldu\u011fu 1995 y\u0131l\u0131ndan bug\u00fcne, i\u015fletmelerin gereksinim duydu\u011fu t\u00fcm iplik, kuma\u015f ve tekstil malzemelerini en uygun ko\u015fullarla sa\u011flamaktad\u0131r. Ayd\u0131n \u0130p \u015firketi kalitesi ve m\u00fc\u015fterilerine sundu\u011fu \u00fcst\u00fcn hizmet anlay\u0131\u015f\u0131 ile her y\u0131l bir \u00f6nceki y\u0131ldan daha iyisini \u00fcretme arzusuyla yoluna devam etmektedir. Ayd\u0131n \u0130p temellerini 1995 y\u0131l\u0131nda Rusya Federasyonu ba\u015fkentinde Moskava\u2019da kurdu\u011fumuz ooo bosforA \u015firketi ile faaliyetlerine ba\u015flam\u0131\u015ft\u0131r.\u00a0 Moskova\u2019da iplik ve tekstil ticareti ile ba\u015flad\u0131\u011f\u0131m\u0131z i\u015fi 2009 y\u0131l\u0131nda T\u00fcrkiye\u2019ye d\u00f6n\u00fc\u015f yaparak T\u00fcrkiye\u2019de Ayd\u0131n \u0130p \u015firketini kurduk. Bir zaman sonra 2013 y\u0131l\u0131nda gipe ve dar dokuma imalat faaliyetine ba\u015flad\u0131k. 2016 y\u0131l\u0131nda Aydin \u0130p b\u00fcnyesi alt\u0131nda Orovita \u015firketini kurarak i\u00e7 giyim imalat\u0131na ve sat\u0131\u015f\u0131na ba\u015flad\u0131k. 2020 y\u0131l\u0131nda Orovita markam\u0131zla birlikte orovita.com.tr adresi ve t\u00fcm pazaryerlerinde i\u00e7 giyim \u00fczerine e-ticarete giri\u015f yapt\u0131k.<\/p>\n<\/div><\/section><\/div>\n<div class=\"flex_column av_one_half  flex_column_div av-zero-column-padding first  avia-builder-el-7  el_after_av_one_half  el_before_av_one_half  column-top-margin\" style='border-radius:0px; '><section class=\"av_textblock_section\"  itemscope=\"itemscope\" itemtype=\"https:\/\/schema.org\/CreativeWork\" ><div class='avia_textblock'  style='font-size:20px; '  itemprop=\"text\" ><p><strong>Faaliyet alanlar\u0131 ve markalar\u0131m\u0131z;<\/strong><\/p>\n<p>Ayd\u0131n \u0130p \u015firketinde iplik, dantel, t\u00fcl, i\u00e7 giyim ve kuma\u015f \u00e7e\u015fitlerinin imalat\u0131n\u0131 ve ithalat\u0131n\u0131 ger\u00e7ekle\u015ftirerek T\u00fcrkiye pazar\u0131na sat\u0131\u015f\u0131n\u0131 ve ihracat\u0131n\u0131 yapmaktay\u0131z. \u015eirketimiz b\u00fcnyesinde ayd\u0131nip, orovita , ayfil ve orofil markalar\u0131 ile \u00e7e\u015fitli sekt\u00f6rlerde faaliyet g\u00f6stermektedir.<\/p>\n<\/div><\/section><\/div><div class=\"flex_column av_one_half  flex_column_div av-zero-column-padding   avia-builder-el-9  el_after_av_one_half  el_before_av_section  avia-builder-el-last  column-top-margin\" style='border-radius:0px; '><div  class='avia-image-container  av-styling-    avia-builder-el-10  avia-builder-el-no-sibling  avia-align-center'  itemprop=\"image\" itemscope=\"itemscope\" itemtype=\"https:\/\/schema.org\/ImageObject\"  ><div class='avia-image-container-inner'><div class='avia-image-overlay-wrap'><img decoding=\"async\" class='wp-image-338 avia-img-lazy-loading-not-338 avia_image' src=\"https:\/\/aydinip.com\/wp-content\/uploads\/2023\/09\/OROVI\u0307TA-AYFI\u0307L-BY-AYDINI\u0307P-LOGO_page-0002.jpg\" alt='' title='OROVI\u0307TA AYFI\u0307L BY AYDINI\u0307P LOGO_page-0002' height=\"432\" width=\"515\"  itemprop=\"thumbnailUrl\" srcset=\"https:\/\/aydinip.com\/wp-content\/uploads\/2023\/09\/OROVI\u0307TA-AYFI\u0307L-BY-AYDINI\u0307P-LOGO_page-0002.jpg 515w, https:\/\/aydinip.com\/wp-content\/uploads\/2023\/09\/OROVI\u0307TA-AYFI\u0307L-BY-AYDINI\u0307P-LOGO_page-0002-300x252.jpg 300w\" sizes=\"(max-width: 515px) 100vw, 515px\" \/><\/div><\/div><\/div><\/div><\/p>\n<\/div><\/div><\/div><!-- close content main div --><\/div><\/div><div id='av_section_1'  class='avia-section main_color avia-section-default avia-no-border-styling  avia-bg-style-scroll  avia-builder-el-11  el_after_av_one_half  avia-builder-el-last   container_wrap sidebar_right' style='background-color: #ffffff;  '  ><div class='container' ><div class='template-page content  av-content-small alpha units'><div class='post-entry post-entry-type-page post-entry-16'><div class='entry-content-wrapper clearfix'>\n<div class=\"flex_column av_one_fourth  flex_column_div av-zero-column-padding first  avia-builder-el-12  el_before_av_one_fourth  avia-builder-el-first\" style='border-radius:0px; '><section class=\"av_textblock_section\"  itemscope=\"itemscope\" itemtype=\"https:\/\/schema.org\/CreativeWork\" ><div class='avia_textblock'   itemprop=\"text\" ><h3><strong>MEN\u00dc<\/strong><\/h3>\n<\/div><\/section><br \/>\n<section class=\"av_textblock_section\"  itemscope=\"itemscope\" itemtype=\"https:\/\/schema.org\/CreativeWork\" ><div class='avia_textblock'   itemprop=\"text\" ><ul>\n<li><a href=\"https:\/\/aydinip.com\/en\/\">Ana Sayfa<\/a><\/li>\n<li><a href=\"https:\/\/aydinip.com\/en\/hakkimizda\/\">Hakk\u0131m\u0131zda<\/a><\/li>\n<li><a href=\"https:\/\/aydinip.com\/en\/faaliyet-alanlarimiz\/\">Markalar\u0131m\u0131z<\/a><\/li>\n<li><a href=\"https:\/\/aydinip.com\/en\/urunler\/\">\u00dcr\u00fcnler\u00a0<\/a><\/li>\n<li><a href=\"https:\/\/aydinip.com\/en\/iletisim\/\">\u0130leti\u015fim<\/a><\/li>\n<\/ul>\n<\/div><\/section><\/p><\/div><div class=\"flex_column av_one_fourth  flex_column_div av-zero-column-padding   avia-builder-el-15  el_after_av_one_fourth  el_before_av_one_fourth\" style='border-radius:0px; '><section class=\"av_textblock_section\"  itemscope=\"itemscope\" itemtype=\"https:\/\/schema.org\/CreativeWork\" ><div class='avia_textblock'   itemprop=\"text\" ><h3>H\u0130ZMETLER\u0130M\u0130Z<\/h3>\n<\/div><\/section><br \/>\n<section class=\"av_textblock_section\"  itemscope=\"itemscope\" itemtype=\"https:\/\/schema.org\/CreativeWork\" ><div class='avia_textblock'   itemprop=\"text\" ><ul>\n<li><a href=\"https:\/\/aydinip.com\/en\/iplik\/\">\u0130plik<\/a><\/li>\n<li><a href=\"https:\/\/aydinip.com\/en\/dantel\/\">Dantel<\/a><\/li>\n<li><a href=\"https:\/\/aydinip.com\/en\/tul\/\">T\u00fcl<\/a><\/li>\n<li><a href=\"https:\/\/aydinip.com\/en\/saten\/\">Saten<\/a><\/li>\n<li><a href=\"https:\/\/aydinip.com\/en\/tekstil-ic-giyim\/\">Tekstil-\u0130\u00e7 Giyim<\/a><\/li>\n<\/ul>\n<\/div><\/section><\/p><\/div><div class=\"flex_column av_one_fourth  flex_column_div av-zero-column-padding   avia-builder-el-18  el_after_av_one_fourth  el_before_av_one_fourth\" style='border-radius:0px; '><section class=\"av_textblock_section\"  itemscope=\"itemscope\" itemtype=\"https:\/\/schema.org\/CreativeWork\" ><div class='avia_textblock'   itemprop=\"text\" ><h3>\u0130LET\u0130\u015e\u0130M<\/h3>\n<\/div><\/section><br \/>\n<section class=\"av_textblock_section\"  itemscope=\"itemscope\" itemtype=\"https:\/\/schema.org\/CreativeWork\" ><div class='avia_textblock'   itemprop=\"text\" ><\/div><\/section><br \/>\n<section class=\"av_textblock_section\"  itemscope=\"itemscope\" itemtype=\"https:\/\/schema.org\/CreativeWork\" ><div class='avia_textblock'   itemprop=\"text\" ><h5><\/h5>\n<h5>Adres:<\/h5>\n<p>D\u00fcnya Ticaret Merkezi Ye\u015filk\u00f6y Mah. Atat\u00fcrk Cad. EGS Bloklar\u0131 No: 23<\/p>\n<p>BAKIRK\u00d6Y\/\u0130STANBUL<\/p>\n<h5>Telefon:<\/h5>\n<p>+90 506 788 62 00<\/p>\n<p>+90 212 973 48 58<\/p>\n<h5>E-Posta:<\/h5>\n<p>info@aydinip.com<\/p>\n<\/div><\/section><\/p><\/div><div class=\"flex_column av_one_fourth  flex_column_div av-zero-column-padding   avia-builder-el-22  el_after_av_one_fourth  avia-builder-el-last\" style='border-radius:0px; '><\/div>\n<\/div><\/div><\/div><!-- close content main div --><\/div><\/div><div id='after_section_1'  class='main_color av_default_container_wrap container_wrap sidebar_right' style=' '  ><div class='container' ><div class='template-page content  av-content-small alpha units'><div class='post-entry post-entry-type-page post-entry-16'><div class='entry-content-wrapper clearfix'>","protected":false},"excerpt":{"rendered":"","protected":false},"author":1,"featured_media":0,"parent":0,"menu_order":0,"comment_status":"closed","ping_status":"closed","template":"","meta":{"footnotes":""},"_links":{"self":[{"href":"https:\/\/aydinip.com\/en\/wp-json\/wp\/v2\/pages\/16"}],"collection":[{"href":"https:\/\/aydinip.com\/en\/wp-json\/wp\/v2\/pages"}],"about":[{"href":"https:\/\/aydinip.com\/en\/wp-json\/wp\/v2\/types\/page"}],"author":[{"embeddable":true,"href":"https:\/\/aydinip.com\/en\/wp-json\/wp\/v2\/users\/1"}],"replies":[{"embeddable":true,"href":"https:\/\/aydinip.com\/en\/wp-json\/wp\/v2\/comments?post=16"}],"version-history":[{"count":16,"href":"https:\/\/aydinip.com\/en\/wp-json\/wp\/v2\/pages\/16\/revisions"}],"predecessor-version":[{"id":363,"href":"https:\/\/aydinip.com\/en\/wp-json\/wp\/v2\/pages\/16\/revisions\/363"}],"wp:attachment":[{"href":"https:\/\/aydinip.com\/en\/wp-json\/wp\/v2\/media?parent=16"}],"curies":[{"name":"wp","href":"https:\/\/api.w.org\/{rel}","templated":true}]}}