{"id":14,"date":"2021-07-08T14:04:27","date_gmt":"2021-07-08T11:04:27","guid":{"rendered":"https:\/\/aydinip.com\/?page_id=14"},"modified":"2023-09-26T10:51:35","modified_gmt":"2023-09-26T07:51:35","slug":"ana-sayfa","status":"publish","type":"page","link":"https:\/\/aydinip.com\/en\/","title":{"rendered":"Ana Sayfa"},"content":{"rendered":"<div id='full_slider_1'  class='avia-fullwidth-slider main_color avia-shadow   avia-builder-el-0  el_before_av_section  avia-builder-el-first   container_wrap sidebar_right' style=' '  ><div   data-size='no scaling'  data-lightbox_size='large'  data-animation='slide'  data-conditional_play=''  data-ids='71'  data-video_counter='0'  data-autoplay='false'  data-bg_slider='false'  data-slide_height=''  data-handle='av_slideshow_full'  data-interval='5'  data-class=' '  data-el_id=''  data-css_id=''  data-scroll_down=''  data-control_layout='av-control-default'  data-custom_markup=''  data-perma_caption=''  data-autoplay_stopper=''  data-image_attachment=''  data-min_height='280px'  data-lazy_loading='disabled'  data-src=''  data-position='top left'  data-repeat='no-repeat'  data-attach='scroll'  data-stretch=''  class='avia-slideshow avia-slideshow-1  av-control-default av-default-height-applied avia-slideshow-no scaling av_slideshow_full   avia-slide-slider'  itemprop=\"image\" itemscope=\"itemscope\" itemtype=\"https:\/\/schema.org\/ImageObject\" ><ul class='avia-slideshow-inner' style='padding-bottom: 42%;' ><li  class='av-single-slide slide-1' ><div data-rel='slideshow-1' class='avia-slide-wrap'   ><div class = \"caption_fullwidth av-slideshow-caption caption_left\"><div class = \"container caption_container\"><div class = \"slideshow_caption\"><div class = \"slideshow_inner_caption\"><div class = \"slideshow_align_caption\"><h2  style='font-size:46px; color:#000000; ' class='avia-caption-title   av-small-font-size-overwrite av-small-font-size-12 av-mini-font-size-overwrite av-mini-font-size-16'  itemprop=\"name\" >Ayd\u0131nip\u2019e Ho\u015f Geldiniz!<\/h2><div class='avia-caption-content  av-mini-font-size-overwrite av-mini-font-size-12 av_inherit_color'  itemprop=\"description\"   style='font-size:18px; color:#000000; '><p>\u00dcr\u00fcnlerimiz ve daha fazlas\u0131 i\u00e7in;<\/p>\n<\/div><a href='https:\/\/aydinip.com\/en\/urunler\/'  class='avia-slideshow-button avia-button avia-color-theme-color-highlight avia-multi-slideshow-button' data-duration='800' data-easing='easeInOutQuad'>\u00dcR\u00dcNLER\u0130M\u0130Z<\/a><a href='https:\/\/aydinip.com\/en\/faaliyet-alanlarimiz\/'  class='avia-slideshow-button avia-button avia-color-theme-color-subtle avia-multi-slideshow-button avia-slideshow-button-2' data-duration='800' data-easing='easeInOutQuad'>FAAL\u0130YET ALANLARIMIZ<\/a><\/div><\/div><\/div><\/div><\/div><img decoding=\"async\" class=\"wp-image-71 avia-img-lazy-loading-not-71\"  src=\"https:\/\/aydinip.com\/wp-content\/uploads\/2021\/07\/bannner-yeni.png\" width=\"1500\" height=\"630\" title='bannner yeni' alt=''  itemprop=\"thumbnailUrl\"  style='min-height:280px; min-width:667px; ' srcset=\"https:\/\/aydinip.com\/wp-content\/uploads\/2021\/07\/bannner-yeni.png 1500w, https:\/\/aydinip.com\/wp-content\/uploads\/2021\/07\/bannner-yeni-300x126.png 300w, https:\/\/aydinip.com\/wp-content\/uploads\/2021\/07\/bannner-yeni-1030x433.png 1030w, https:\/\/aydinip.com\/wp-content\/uploads\/2021\/07\/bannner-yeni-768x323.png 768w, https:\/\/aydinip.com\/wp-content\/uploads\/2021\/07\/bannner-yeni-705x296.png 705w\" sizes=\"(max-width: 1500px) 100vw, 1500px\" \/><\/div><\/li><\/ul><\/div><\/div>\n<div id='av_section_1'  class='avia-section main_color avia-section-default avia-no-border-styling  avia-bg-style-scroll  avia-builder-el-1  el_after_av_slideshow_full  el_before_av_section   container_wrap sidebar_right' style='background-color: #109bc5;  '  ><div class='container' ><div class='template-page content  av-content-small alpha units'><div class='post-entry post-entry-type-page post-entry-14'><div class='entry-content-wrapper clearfix'>\n<div  style='padding-bottom:10px; color:#ffffff;' class='av-special-heading av-special-heading-h1 custom-color-heading blockquote classic-quote  avia-builder-el-2  avia-builder-el-no-sibling'><h1 class='av-special-heading-tag'  itemprop=\"headline\"  >HAKKIMIZDA<\/h1><div class='special-heading-border'><div class='special-heading-inner-border' style='border-color:#ffffff'><\/div><\/div><\/div>\n\n<\/div><\/div><\/div><!-- close content main div --><\/div><\/div><div id='av_section_2'  class='avia-section main_color avia-section-default avia-no-border-styling  avia-bg-style-scroll  avia-builder-el-3  el_after_av_section  el_before_av_section   container_wrap sidebar_right' style='background-color: #109bc5;  '  ><div class='container' ><div class='template-page content  av-content-small alpha units'><div class='post-entry post-entry-type-page post-entry-14'><div class='entry-content-wrapper clearfix'>\n<section class=\"av_textblock_section\"  itemscope=\"itemscope\" itemtype=\"https:\/\/schema.org\/CreativeWork\" ><div class='avia_textblock  av_inherit_color'  style='font-size:22px; color:#ffffff; '  itemprop=\"text\" ><p>Ayd\u0131n \u0130plik kuruldu\u011fu 1995 y\u0131l\u0131ndan bug\u00fcne, i\u015fletmelerin gereksinim duydu\u011fu t\u00fcm iplik, kuma\u015f ve tekstil malzemelerini en uygun ko\u015fullarda tedarik etmektedir. Ayd\u0131n \u0130p \u015firketi kalitesi ve m\u00fc\u015fterilerine sundu\u011fu \u00fcst\u00fcn hizmet anlay\u0131\u015f\u0131 ile her y\u0131l bir \u00f6nceki y\u0131ldan daha iyisini \u00fcretme arzusuyla yoluna devam etmektedir. Firmam\u0131z polyester naylon ve pamuklu kuma\u015flar, bask\u0131l\u0131 bask\u0131s\u0131z t\u00fcl, iplik ve dantel \u00e7e\u015fitlerinin\u00a0 imalat\u0131n\u0131 ve ithalat\u0131n\u0131 ger\u00e7ekle\u015ftirerek T\u00fcrkiye pazar\u0131na sat\u0131\u015f\u0131n\u0131 ve di\u011fer \u00fclkelere ihracat\u0131n\u0131 sa\u011flamaktad\u0131r. \u015eirketimiz b\u00fcnyesinde ayd\u0131nip, orovita , ayfil ve orofil markalar\u0131 ile kuma\u015f, t\u00fcl, iplik, dantel ve i\u00e7 giyim sekt\u00f6rlerinde faaliyet g\u00f6stermektedir.<\/p>\n<\/div><\/section>\n\n<\/div><\/div><\/div><!-- close content main div --><\/div><\/div><div id='av_section_3'  class='avia-section main_color avia-section-default avia-no-border-styling  avia-bg-style-scroll  avia-builder-el-5  el_after_av_section  el_before_av_section   container_wrap sidebar_right' style=' '  ><div class='container' ><div class='template-page content  av-content-small alpha units'><div class='post-entry post-entry-type-page post-entry-14'><div class='entry-content-wrapper clearfix'>\n<div  style='padding-bottom:10px; ' class='av-special-heading av-special-heading-h1  blockquote classic-quote  avia-builder-el-6  avia-builder-el-no-sibling'><h1 class='av-special-heading-tag'  itemprop=\"headline\"  >\u00dcR\u00dcNLER\u0130M\u0130Z<\/h1><div class='special-heading-border'><div class='special-heading-inner-border' ><\/div><\/div><\/div>\n\n<\/div><\/div><\/div><!-- close content main div --><\/div><\/div><div id='av_section_4'  class='avia-section main_color avia-section-default avia-no-border-styling  avia-bg-style-scroll  avia-builder-el-7  el_after_av_section  el_before_av_section   container_wrap sidebar_right' style=' '  ><div class='container' ><div class='template-page content  av-content-small alpha units'><div class='post-entry post-entry-type-page post-entry-14'><div class='entry-content-wrapper clearfix'>\n<div class=\"flex_column av_one_third  flex_column_div av-zero-column-padding first  avia-builder-el-8  el_before_av_one_third  avia-builder-el-first\" style='border-radius:0px; '><p><div  class='avia-image-container  av-styling-circle    avia-builder-el-9  el_before_av_textblock  avia-builder-el-first  avia-align-center'  itemprop=\"image\" itemscope=\"itemscope\" itemtype=\"https:\/\/schema.org\/ImageObject\"  ><div class='avia-image-container-inner'><div class='avia-image-overlay-wrap'><a href='https:\/\/aydinip.com\/en\/iplik\/' class='avia_image'  ><img decoding=\"async\" width=\"495\" height=\"350\" class='wp-image-134 avia-img-lazy-loading-not-134 avia_image' src=\"https:\/\/aydinip.com\/wp-content\/uploads\/2021\/07\/Adsiz-tasarim-29-495x350.png\" alt='' title='Ads\u0131z tasar\u0131m (29)'  itemprop=\"thumbnailUrl\" srcset=\"https:\/\/aydinip.com\/wp-content\/uploads\/2021\/07\/Adsiz-tasarim-29-495x350.png 495w, https:\/\/aydinip.com\/wp-content\/uploads\/2021\/07\/Adsiz-tasarim-29-260x185.png 260w\" sizes=\"(max-width: 495px) 100vw, 495px\" \/><\/a><\/div><\/div><\/div><br \/>\n<section class=\"av_textblock_section\"  itemscope=\"itemscope\" itemtype=\"https:\/\/schema.org\/CreativeWork\" ><div class='avia_textblock'   itemprop=\"text\" ><h2 style=\"text-align: center;\"><em>\u0130PL\u0130K<\/em><\/h2>\n<\/div><\/section><\/p><\/div><div class=\"flex_column av_one_third  flex_column_div av-zero-column-padding   avia-builder-el-11  el_after_av_one_third  el_before_av_one_third\" style='border-radius:0px; '><p><div  class='avia-image-container  av-styling-circle    avia-builder-el-12  el_before_av_textblock  avia-builder-el-first  avia-align-center'  itemprop=\"image\" itemscope=\"itemscope\" itemtype=\"https:\/\/schema.org\/ImageObject\"  ><div class='avia-image-container-inner'><div class='avia-image-overlay-wrap'><a href='https:\/\/aydinip.com\/en\/dantel\/' class='avia_image'  ><img decoding=\"async\" width=\"500\" height=\"350\" class='wp-image-137 avia-img-lazy-loading-not-137 avia_image' src=\"https:\/\/aydinip.com\/wp-content\/uploads\/2021\/07\/Adsiz-tasarim-30.png\" alt='' title='Ads\u0131z tasar\u0131m (30)'  itemprop=\"thumbnailUrl\" srcset=\"https:\/\/aydinip.com\/wp-content\/uploads\/2021\/07\/Adsiz-tasarim-30.png 500w, https:\/\/aydinip.com\/wp-content\/uploads\/2021\/07\/Adsiz-tasarim-30-300x210.png 300w\" sizes=\"(max-width: 500px) 100vw, 500px\" \/><\/a><\/div><\/div><\/div><br \/>\n<section class=\"av_textblock_section\"  itemscope=\"itemscope\" itemtype=\"https:\/\/schema.org\/CreativeWork\" ><div class='avia_textblock'   itemprop=\"text\" ><h2 style=\"text-align: center;\"><em>DANTEL<\/em><\/h2>\n<\/div><\/section><\/p><\/div><div class=\"flex_column av_one_third  flex_column_div av-zero-column-padding   avia-builder-el-14  el_after_av_one_third  avia-builder-el-last\" style='border-radius:0px; '><p><div  class='avia-image-container  av-styling-circle    avia-builder-el-15  el_before_av_textblock  avia-builder-el-first  avia-align-center'  itemprop=\"image\" itemscope=\"itemscope\" itemtype=\"https:\/\/schema.org\/ImageObject\"  ><div class='avia-image-container-inner'><div class='avia-image-overlay-wrap'><a href='https:\/\/aydinip.com\/en\/tul\/' class='avia_image'  ><img decoding=\"async\" width=\"500\" height=\"350\" class='wp-image-142 avia-img-lazy-loading-not-142 avia_image' src=\"https:\/\/aydinip.com\/wp-content\/uploads\/2021\/07\/Adsiz-tasarim-31.png\" alt='' title='Ads\u0131z tasar\u0131m (31)'  itemprop=\"thumbnailUrl\" srcset=\"https:\/\/aydinip.com\/wp-content\/uploads\/2021\/07\/Adsiz-tasarim-31.png 500w, https:\/\/aydinip.com\/wp-content\/uploads\/2021\/07\/Adsiz-tasarim-31-300x210.png 300w\" sizes=\"(max-width: 500px) 100vw, 500px\" \/><\/a><\/div><\/div><\/div><br \/>\n<section class=\"av_textblock_section\"  itemscope=\"itemscope\" itemtype=\"https:\/\/schema.org\/CreativeWork\" ><div class='avia_textblock'   itemprop=\"text\" ><h2 style=\"text-align: center;\"><em>T\u00dcL<\/em><\/h2>\n<\/div><\/section><\/p><\/div>\n\n<\/div><\/div><\/div><!-- close content main div --><\/div><\/div><div id='av_section_5'  class='avia-section main_color avia-section-default avia-no-border-styling  avia-bg-style-scroll  avia-builder-el-17  el_after_av_section  el_before_av_section   container_wrap sidebar_right' style=' '  ><div class='container' ><div class='template-page content  av-content-small alpha units'><div class='post-entry post-entry-type-page post-entry-14'><div class='entry-content-wrapper clearfix'>\n<div class=\"flex_column av_one_fifth  flex_column_div av-zero-column-padding first  avia-builder-el-18  el_before_av_one_third  avia-builder-el-first\" style='border-radius:0px; '><\/div><div class=\"flex_column av_one_third  flex_column_div av-zero-column-padding   avia-builder-el-19  el_after_av_one_fifth  el_before_av_one_third\" style='border-radius:0px; '><p><div  class='avia-image-container  av-styling-circle    avia-builder-el-20  el_before_av_textblock  avia-builder-el-first  avia-align-center'  itemprop=\"image\" itemscope=\"itemscope\" itemtype=\"https:\/\/schema.org\/ImageObject\"  ><div class='avia-image-container-inner'><div class='avia-image-overlay-wrap'><a href='https:\/\/aydinip.com\/en\/kumas\/' class='avia_image'  ><img decoding=\"async\" width=\"500\" height=\"350\" class='wp-image-148 avia-img-lazy-loading-not-148 avia_image' src=\"https:\/\/aydinip.com\/wp-content\/uploads\/2021\/07\/Adsiz-tasarim-32.png\" alt='' title='Ads\u0131z tasar\u0131m (32)'  itemprop=\"thumbnailUrl\" srcset=\"https:\/\/aydinip.com\/wp-content\/uploads\/2021\/07\/Adsiz-tasarim-32.png 500w, https:\/\/aydinip.com\/wp-content\/uploads\/2021\/07\/Adsiz-tasarim-32-300x210.png 300w\" sizes=\"(max-width: 500px) 100vw, 500px\" \/><\/a><\/div><\/div><\/div><br \/>\n<section class=\"av_textblock_section\"  itemscope=\"itemscope\" itemtype=\"https:\/\/schema.org\/CreativeWork\" ><div class='avia_textblock'   itemprop=\"text\" ><h2 style=\"text-align: center;\"><em>KUMA\u015e<\/em><\/h2>\n<\/div><\/section><\/p><\/div><div class=\"flex_column av_one_third  flex_column_div av-zero-column-padding   avia-builder-el-22  el_after_av_one_third  avia-builder-el-last\" style='border-radius:0px; '><p><div  class='avia-image-container  av-styling-circle    avia-builder-el-23  el_before_av_textblock  avia-builder-el-first  avia-align-center'  itemprop=\"image\" itemscope=\"itemscope\" itemtype=\"https:\/\/schema.org\/ImageObject\"  ><div class='avia-image-container-inner'><div class='avia-image-overlay-wrap'><a href='https:\/\/aydinip.com\/en\/tekstil-ic-giyim\/' class='avia_image'  ><img decoding=\"async\" width=\"500\" height=\"350\" class='wp-image-151 avia-img-lazy-loading-not-151 avia_image' src=\"https:\/\/aydinip.com\/wp-content\/uploads\/2021\/07\/Adsiz-tasarim-33.png\" alt='' title='Ads\u0131z tasar\u0131m (33)'  itemprop=\"thumbnailUrl\" srcset=\"https:\/\/aydinip.com\/wp-content\/uploads\/2021\/07\/Adsiz-tasarim-33.png 500w, https:\/\/aydinip.com\/wp-content\/uploads\/2021\/07\/Adsiz-tasarim-33-300x210.png 300w\" sizes=\"(max-width: 500px) 100vw, 500px\" \/><\/a><\/div><\/div><\/div><br \/>\n<section class=\"av_textblock_section\"  itemscope=\"itemscope\" itemtype=\"https:\/\/schema.org\/CreativeWork\" ><div class='avia_textblock'   itemprop=\"text\" ><h2 style=\"text-align: center;\"><em>TEKST\u0130L-\u0130\u00c7 G\u0130Y\u0130M<\/em><\/h2>\n<\/div><\/section><\/p><\/div>\n\n<\/div><\/div><\/div><!-- close content main div --><\/div><\/div><div id='av_section_6'  class='avia-section main_color avia-section-default avia-no-border-styling  avia-bg-style-scroll  avia-builder-el-25  el_after_av_section  el_before_av_section   container_wrap sidebar_right' style='background-color: #109bc5;  '  ><div class='container' ><div class='template-page content  av-content-small alpha units'><div class='post-entry post-entry-type-page post-entry-14'><div class='entry-content-wrapper clearfix'>\n<div class=\"flex_column av_one_fourth  flex_column_div av-zero-column-padding first  avia-builder-el-26  el_before_av_one_fourth  avia-builder-el-first\" style='border-radius:0px; '><div  class=\"avia-animated-number av-force-default-color  avia-color-font-light  avia-builder-el-27  avia-builder-el-no-sibling  avia_animate_when_visible\"  data-timer=\"3000\"><strong class=\"heading avia-animated-number-title\" ><span class='avia-animated-number-icon av-icon-before-number av-icon-char' aria-hidden='true' data-av_icon='\ue862' data-av_iconfont='entypo-fontello'><\/span><span class=\"avia-single-number __av-single-number\" data-number_format=\"\" data-number=\"17\" data-start_from=\"0\">17<\/span><\/strong><div class='avia-animated-number-content' ><p>Y\u0131ll\u0131k Tecr\u00fcbe<\/p>\n<\/div><\/div><\/div><div class=\"flex_column av_one_fourth  flex_column_div av-zero-column-padding   avia-builder-el-28  el_after_av_one_fourth  el_before_av_one_fourth\" style='border-radius:0px; '><div  class=\"avia-animated-number av-force-default-color  avia-color-font-light  avia-builder-el-29  avia-builder-el-no-sibling  avia_animate_when_visible\"  data-timer=\"3000\"><strong class=\"heading avia-animated-number-title\" ><span class='avia-animated-number-icon av-icon-before-number av-icon-char' aria-hidden='true' data-av_icon='\ue8b1' data-av_iconfont='entypo-fontello'><\/span><span class=\"avia-single-number __av-single-number\" data-number_format=\"\" data-number=\"32\" data-start_from=\"0\">32<\/span><\/strong><div class='avia-animated-number-content' ><p>Farkl\u0131 \u00dclke<\/p>\n<\/div><\/div><\/div><div class=\"flex_column av_one_fourth  flex_column_div av-zero-column-padding   avia-builder-el-30  el_after_av_one_fourth  el_before_av_one_fourth\" style='border-radius:0px; '><div  class=\"avia-animated-number av-force-default-color  avia-color-font-light  avia-builder-el-31  avia-builder-el-no-sibling  avia_animate_when_visible\"  data-timer=\"3000\"><strong class=\"heading avia-animated-number-title\" ><span class='avia-animated-number-icon av-icon-before-number av-icon-char' aria-hidden='true' data-av_icon='\ue812' data-av_iconfont='entypo-fontello'><\/span><span class=\"avia-single-number __av-single-number\" data-number_format=\"\" data-number=\"82\" data-start_from=\"0\">82<\/span><\/strong><div class='avia-animated-number-content' ><p>Ki\u015filik Uzman Kadro<\/p>\n<\/div><\/div><\/div><div class=\"flex_column av_one_fourth  flex_column_div av-zero-column-padding   avia-builder-el-32  el_after_av_one_fourth  avia-builder-el-last\" style='border-radius:0px; '><div  class=\"avia-animated-number av-force-default-color  avia-color-font-light  avia-builder-el-33  avia-builder-el-no-sibling  avia_animate_when_visible\"  data-timer=\"3000\"><strong class=\"heading avia-animated-number-title\" ><span class='avia-animated-number-icon av-icon-before-number av-icon-char' aria-hidden='true' data-av_icon='\ue82b' data-av_iconfont='entypo-fontello'><\/span><span class=\"avia-no-number\">%<\/span><span class=\"avia-single-number __av-single-number\" data-number_format=\"\" data-number=\"100\" data-start_from=\"0\">100<\/span><\/strong><div class='avia-animated-number-content' ><p>M\u00fc\u015fteri Memnuniyeti<\/p>\n<\/div><\/div><\/div>\n\n<\/div><\/div><\/div><!-- close content main div --><\/div><\/div><div id='av_section_7'  class='avia-section main_color avia-section-default avia-no-border-styling  avia-bg-style-scroll  avia-builder-el-34  el_after_av_section  avia-builder-el-last   container_wrap sidebar_right' style='background-color: #ffffff;  '  ><div class='container' ><div class='template-page content  av-content-small alpha units'><div class='post-entry post-entry-type-page post-entry-14'><div class='entry-content-wrapper clearfix'>\n<div class=\"flex_column av_one_fourth  flex_column_div av-zero-column-padding first  avia-builder-el-35  el_before_av_one_fourth  avia-builder-el-first\" style='border-radius:0px; '><section class=\"av_textblock_section\"  itemscope=\"itemscope\" itemtype=\"https:\/\/schema.org\/CreativeWork\" ><div class='avia_textblock'   itemprop=\"text\" ><h3><strong>MEN\u00dc<\/strong><\/h3>\n<\/div><\/section><br \/>\n<section class=\"av_textblock_section\"  itemscope=\"itemscope\" itemtype=\"https:\/\/schema.org\/CreativeWork\" ><div class='avia_textblock'   itemprop=\"text\" ><ul>\n<li><a href=\"https:\/\/aydinip.com\/en\/\">Ana Sayfa<\/a><\/li>\n<li><a href=\"https:\/\/aydinip.com\/en\/hakkimizda\/\">Hakk\u0131m\u0131zda<\/a><\/li>\n<li><a href=\"https:\/\/aydinip.com\/en\/faaliyet-alanlarimiz\/\">Markalar\u0131m\u0131z<\/a><\/li>\n<li><a href=\"https:\/\/aydinip.com\/en\/urunler\/\">\u00dcr\u00fcnler\u00a0<\/a><\/li>\n<li><a href=\"https:\/\/aydinip.com\/en\/iletisim\/\">\u0130leti\u015fim<\/a><\/li>\n<\/ul>\n<\/div><\/section><\/p><\/div><div class=\"flex_column av_one_fourth  flex_column_div av-zero-column-padding   avia-builder-el-38  el_after_av_one_fourth  el_before_av_one_fourth\" style='border-radius:0px; '><section class=\"av_textblock_section\"  itemscope=\"itemscope\" itemtype=\"https:\/\/schema.org\/CreativeWork\" ><div class='avia_textblock'   itemprop=\"text\" ><h3>H\u0130ZMETLER\u0130M\u0130Z<\/h3>\n<\/div><\/section><br \/>\n<section class=\"av_textblock_section\"  itemscope=\"itemscope\" itemtype=\"https:\/\/schema.org\/CreativeWork\" ><div class='avia_textblock'   itemprop=\"text\" ><ul>\n<li><a href=\"https:\/\/aydinip.com\/en\/iplik\/\">\u0130plik<\/a><\/li>\n<li><a href=\"https:\/\/aydinip.com\/en\/dantel\/\">Dantel<\/a><\/li>\n<li><a href=\"https:\/\/aydinip.com\/en\/tul\/\">T\u00fcl<\/a><\/li>\n<li><a href=\"https:\/\/aydinip.com\/en\/saten\/\">Saten<\/a><\/li>\n<li><a href=\"https:\/\/aydinip.com\/en\/tekstil-ic-giyim\/\">Tekstil-\u0130\u00e7 Giyim<\/a><\/li>\n<\/ul>\n<\/div><\/section><\/p><\/div><div class=\"flex_column av_one_fourth  flex_column_div av-zero-column-padding   avia-builder-el-41  el_after_av_one_fourth  el_before_av_one_fourth\" style='border-radius:0px; '><section class=\"av_textblock_section\"  itemscope=\"itemscope\" itemtype=\"https:\/\/schema.org\/CreativeWork\" ><div class='avia_textblock'   itemprop=\"text\" ><h3>\u0130LET\u0130\u015e\u0130M<\/h3>\n<\/div><\/section><br \/>\n<section class=\"av_textblock_section\"  itemscope=\"itemscope\" itemtype=\"https:\/\/schema.org\/CreativeWork\" ><div class='avia_textblock'   itemprop=\"text\" ><\/div><\/section><br \/>\n<section class=\"av_textblock_section\"  itemscope=\"itemscope\" itemtype=\"https:\/\/schema.org\/CreativeWork\" ><div class='avia_textblock'   itemprop=\"text\" ><h5><\/h5>\n<h5>Adres:<\/h5>\n<p>D\u00fcnya Ticaret Merkezi Ye\u015filk\u00f6y Mah. Atat\u00fcrk Cad. EGS Bloklar\u0131 No: 23<\/p>\n<p>BAKIRK\u00d6Y\/\u0130STANBUL<\/p>\n<h5>Telefon:<\/h5>\n<p>+90 506 788 62 00<\/p>\n<p>+90 212 973 48 58<\/p>\n<h5>E-Posta:<\/h5>\n<p>info@aydinip.com<\/p>\n<\/div><\/section><\/p><\/div><div class=\"flex_column av_one_fourth  flex_column_div av-zero-column-padding   avia-builder-el-45  el_after_av_one_fourth  avia-builder-el-last\" style='border-radius:0px; '><\/div>\n<\/div><\/div><\/div><!-- close content main div --><\/div><\/div><div id='after_section_7'  class='main_color av_default_container_wrap container_wrap sidebar_right' style=' '  ><div class='container' ><div class='template-page content  av-content-small alpha units'><div class='post-entry post-entry-type-page post-entry-14'><div class='entry-content-wrapper clearfix'>","protected":false},"excerpt":{"rendered":"","protected":false},"author":1,"featured_media":0,"parent":0,"menu_order":0,"comment_status":"closed","ping_status":"closed","template":"","meta":{"footnotes":""},"_links":{"self":[{"href":"https:\/\/aydinip.com\/en\/wp-json\/wp\/v2\/pages\/14"}],"collection":[{"href":"https:\/\/aydinip.com\/en\/wp-json\/wp\/v2\/pages"}],"about":[{"href":"https:\/\/aydinip.com\/en\/wp-json\/wp\/v2\/types\/page"}],"author":[{"embeddable":true,"href":"https:\/\/aydinip.com\/en\/wp-json\/wp\/v2\/users\/1"}],"replies":[{"embeddable":true,"href":"https:\/\/aydinip.com\/en\/wp-json\/wp\/v2\/comments?post=14"}],"version-history":[{"count":97,"href":"https:\/\/aydinip.com\/en\/wp-json\/wp\/v2\/pages\/14\/revisions"}],"predecessor-version":[{"id":368,"href":"https:\/\/aydinip.com\/en\/wp-json\/wp\/v2\/pages\/14\/revisions\/368"}],"wp:attachment":[{"href":"https:\/\/aydinip.com\/en\/wp-json\/wp\/v2\/media?parent=14"}],"curies":[{"name":"wp","href":"https:\/\/api.w.org\/{rel}","templated":true}]}}